{"id":6,"date":"2014-10-14T17:09:09","date_gmt":"2014-10-14T17:09:09","guid":{"rendered":"http:\/\/themes.evgenyfireform.com\/wp-brama\/?page_id=6"},"modified":"2024-10-22T08:59:03","modified_gmt":"2024-10-22T13:59:03","slug":"contacto","status":"publish","type":"page","link":"https:\/\/bluecolombia.co\/blue\/contacto\/","title":{"rendered":"Cont\u00e1ctenos"},"content":{"rendered":"<div id=\"pl-6\"  class=\"panel-layout\" ><div id=\"pg-6-0\"  class=\"panel-grid panel-no-style\" ><div id=\"pgc-6-0-0\"  class=\"panel-grid-cell\" ><div id=\"panel-6-0-0-0\" class=\"so-panel widget widget_sow-editor panel-first-child panel-last-child\" data-index=\"0\" ><div\n\t\t\t\n\t\t\tclass=\"so-widget-sow-editor so-widget-sow-editor-base\"\n\t\t\t\n\t\t>\n<div class=\"siteorigin-widget-tinymce textwidget\">\n\t<p><!-- Note : - You can modify the font style and form style to suit your website. - Code lines with comments \u201cDo not remove this code\u201d are required for the form to work properly, make sure that you do not remove these lines of code. - The Mandatory check script can modified as to suit your business needs. - It is important that you test the modified form before going live.--><\/p>\n<div id=\"crmWebToEntityForm\" style=\"width: 620px; margin: auto;\">\n<form accept-charset=\"UTF-8\" action=\"https:\/\/crm.zoho.com\/crm\/WebToContactForm\" method=\"POST\" name=\"WebToContacts1421125000000098002\"><!-- Do not remove this code. --><br \/>\n<input style=\"display: none;\" name=\"xnQsjsdp\" type=\"text\" value=\"d884ceaa794b5bdebcd0a927ed1e8a32c792bb6608edd80ef509f9f7a24bd046\" \/><br \/>\n<input id=\"zc_gad\" name=\"zc_gad\" type=\"hidden\" value=\"\" \/><br \/>\n<input style=\"display: none;\" name=\"xmIwtLD\" type=\"text\" value=\"f6eda2ae4d90d3a5c8b91a9d27188cab0dddc805aa02f85616bf573db788fa3f\" \/><br \/>\n<input style=\"display: none;\" name=\"actionType\" type=\"text\" value=\"Q29udGFjdHM=\" \/><br \/>\n<input style=\"display: none;\" name=\"returnURL\" type=\"text\" value=\"http:\/\/bluecolombia.co\/blue\/clientes-felices\/\" \/><br \/>\n<!-- Do not remove this code. --><\/p>\n<h1 style=\"text-align: center;\"><span class=\"st\">\u00a1Escr\u00edbenos!<\/span><\/h1>\n<h2 style=\"text-align: center;\">Recuerda que deber\u00e1s llenar todos los campos sugeridos, de lo contrario el mensaje no ser\u00e1 enviado con \u00e9xito:<\/h2>\n<table style=\"width: 620px; background-color: #ffffff; color: #000000;\">\n<tbody>\n<tr>\n<td style=\"color: #000000; font-family: Calibri; font-size: 16px; text-align: center;\" colspan=\"2\"><\/td>\n<\/tr>\n<tr>\n<td style=\"nowrap: nowrap; text-align: right; font-size: 16px; font-family: Calibri; width: 200px;\">Nombre:<span style=\"color: red;\">*<\/span><\/td>\n<td style=\"width: 250px;\"><input style=\"width: 300px;\" maxlength=\"40\" name=\"First Name\" type=\"text\" \/><\/td>\n<\/tr>\n<tr>\n<td style=\"nowrap: nowrap; text-align: right; font-size: 16px; font-family: Calibri; width: 200px;\">Apellidos:<span style=\"color: red;\">*<\/span><\/td>\n<td style=\"width: 250px;\"><input style=\"width: 300px;\" maxlength=\"80\" name=\"Last Name\" type=\"text\" \/><\/td>\n<\/tr>\n<tr>\n<td style=\"nowrap: nowrap; text-align: right; font-size: 16px; font-family: Calibri; width: 200px;\">Empresa:<span style=\"color: red;\">*<\/span><\/td>\n<td style=\"width: 250px;\"><input style=\"width: 300px;\" maxlength=\"100\" name=\"Account Name\" type=\"text\" \/><\/td>\n<\/tr>\n<tr>\n<td style=\"nowrap: nowrap; text-align: right; font-size: 16px; font-family: Calibri; width: 200px;\">Tel\u00e9fono:<span style=\"color: red;\">*<\/span><\/td>\n<td style=\"width: 250px;\"><input style=\"width: 300px;\" maxlength=\"50\" name=\"Phone\" type=\"text\" \/><\/td>\n<\/tr>\n<tr>\n<td style=\"nowrap: nowrap; text-align: right; font-size: 16px; font-family: Calibri; width: 200px;\">Ciudad:<span style=\"color: red;\">*<\/span><\/td>\n<td style=\"width: 250px;\"><input style=\"width: 300px;\" maxlength=\"30\" name=\"Mailing City\" type=\"text\" \/><\/td>\n<\/tr>\n<tr>\n<td style=\"nowrap: nowrap; text-align: right; font-size: 16px; font-family: Calibri; width: 200px;\">Correo electr\u00f3nico:<span style=\"color: red;\">*<\/span><\/td>\n<td style=\"width: 250px;\"><input style=\"width: 300px;\" maxlength=\"100\" name=\"Email\" type=\"text\" \/><\/td>\n<\/tr>\n<tr>\n<td style=\"nowrap: nowrap; text-align: right; font-size: 16px; font-family: Calibri; width: 200px;\">Cu\u00e9ntanos en qu\u00e9 podemos ayudarte:<span style=\"color: red;\">*<\/span><\/td>\n<td><textarea style=\"width: 300px; height: 120px;\" maxlength=\"5000\" name=\"Description\">&nbsp;<\/textarea><\/td>\n<td><\/td>\n<\/tr>\n<tr>\n<td style=\"text-align: center; padding-top: 15px;\" colspan=\"2\"><input style=\"font-size: 16px; color: #131307;\" type=\"submit\" value=\"ENVIAR SOLICITUD\" \/>\u00a0 \u00a0 \u00a0 \u00a0<!--<input style=\"font-size: 14px; color: #131307; width: 250px;\" type=\"reset\" value=\"Restablecer\" \/>--><\/td>\n<\/tr>\n<\/tbody>\n<\/table>\n<p><script>\/\/ <![CDATA[\nvar mndFileds=new Array('First Name','Last Name','Account Name','Email','Phone','Mailing City','Description');\n \t  var fldLangVal=new Array('Nombre','Apellidos','Empresa','Correo electr\u00f3nico','Tel\u00e9fono','Ciudad','Descripci\u00f3n');\n\t\tvar name='';\n\t\tvar email='';\n\n \t  function checkMandatory() {\n\t\tfor(i=0;i<mndFileds.length;i++) { var fieldObj=document.forms['WebToContacts1421125000000098002'][mndFileds[i]]; if(fieldObj) { if (((fieldObj.value).replace(\/^\\s+|\\s+$\/g, '')).length==0) { if(fieldObj.type =='file') { alert('Seleccione un archivo para cargar'); fieldObj.focus(); return false; } alert(fldLangVal[i] +' no puede estar vac\u00edo'); fieldObj.focus(); return false; } else if(fieldObj.nodeName=='SELECT') { if(fieldObj.options[fieldObj.selectedIndex].value=='-None-') { alert(fldLangVal[i] +' no puede ser nulo'); fieldObj.focus(); return false; } } else if(fieldObj.type =='checkbox'){ if(fieldObj.checked == false){ alert('Please accept '+fldLangVal[i]); fieldObj.focus(); return false; } } try { if(fieldObj.name == 'Last Name') { name = fieldObj.value; } } catch (e) {} } } } \/\/ ]]><\/script><\/p>\n<\/form>\n<\/div>\n<p><!--<iframe loading=\"lazy\" src=\"http:\/\/bluecolombia.co\/index_prueba.html\" width=\"300\" height=\"150\"><\/iframe>--><\/p>\n<div class=\"row\"><\/p>\n<p><div class=\"col-md-3\"><\/p>\n<h4>Horarios de atenci\u00f3n: Lunes a Viernes de 08:00 AM a 05:00 PM<\/h4>\n<p><\/div><div class=\"col-md-3\"><\/p>\n<h5 style=\"text-align: left;\">Cotizaciones y Nuevos Clientes:<\/h5>\n<p style=\"text-align: left;\"><strong>Dpto. Comercial<\/strong><br \/>\n<span style=\"color: #000000;\"><b><\/b>comercial@bluecolombia.co<\/span><br \/>\n<strong><\/strong> +57304 547 9717<\/p>\n<p><\/div><div class=\"col-md-3\"><\/p>\n<h5 style=\"text-align: left;\">Contacto Administrativo:<\/h5>\n<p style=\"text-align: left;\"><strong>Juan Gonz\u00e1lez<\/strong><br \/>\n<strong><\/strong>juan@agencia.blue<br \/>\n<strong><\/strong> +57313 606 8241<\/p>\n<p><\/div><div class=\"col-md-3\"><\/p>\n<h5 style=\"text-align: left;\">Contacto\u00a0Cuentas Nacionales:<\/h5>\n<p style=\"text-align: left;\"><strong>Esteban Arango<\/strong><br \/>\n<strong><\/strong>esteban@agencia.blue<br \/>\n<strong><\/strong> +57300 690 9350<\/p>\n<p><\/div><br \/>\n<\/div>\n<\/div>\n<\/div><\/div><\/div><\/div><\/div>","protected":false},"excerpt":{"rendered":"<p>\u00a1Escr\u00edbenos! Recuerda que deber\u00e1s llenar todos los campos sugeridos, de lo contrario el mensaje no ser\u00e1 enviado con \u00e9xito: Nombre:* Apellidos:* Empresa:* Tel\u00e9fono:* Ciudad:* Correo electr\u00f3nico:* Cu\u00e9ntanos en qu\u00e9 podemos &#8230;<\/p>\n","protected":false},"author":1,"featured_media":1667,"parent":0,"menu_order":6,"comment_status":"closed","ping_status":"closed","template":"","meta":{"footnotes":""},"class_list":["post-6","page","type-page","status-publish","has-post-thumbnail","hentry"],"yoast_head":"<!-- This site is optimized with the Yoast SEO plugin v25.0 - https:\/\/yoast.com\/wordpress\/plugins\/seo\/ -->\n<title>Cont\u00e1ctenos - Agencia de Marketing y Publicidad Blue Design Worldwide Colombia | Agencia de Comunicaci\u00f3n y Relaciones P\u00fablicas en Colombia | Dise\u00f1o de Plan de Medios en Medell\u00edn | Agencias Digitales en Colombia | Dise\u00f1o Web en Medell\u00edn<\/title>\n<meta name=\"description\" content=\"Cont\u00e1ctenos | Agencia de Marketing y Publicidad Blue Design Worldwide Colombia | Dise\u00f1o Web en Medell\u00edn | Agencias Digitales en Medell\u00edn | P\u00e1ginas Web en Colombia | Estrategias Digitales | Agencia de Marketing Digital en Medell\u00edn | Publicidad Y Marketing Online | Posicionamiento SEO | Posicionamiento en Google | Central de Medios en Colombia | Producci\u00f3n Audiovisual para TV | Agencia De Publicidad en Colombia | Creaci\u00f3n de P\u00e1ginas Web | Dise\u00f1o de P\u00e1ginas Web | Desarrollo Web en Medell\u00edn | Posicionamiento de P\u00e1ginas Web\" \/>\n<meta name=\"robots\" content=\"index, follow, max-snippet:-1, max-image-preview:large, max-video-preview:-1\" \/>\n<link rel=\"canonical\" href=\"https:\/\/bluecolombia.co\/blue\/contacto\/\" \/>\n<meta property=\"og:locale\" content=\"es_ES\" \/>\n<meta property=\"og:type\" content=\"article\" \/>\n<meta property=\"og:title\" content=\"Cont\u00e1ctenos | Agencia de Marketing y Publicidad Blue Design Worldwide Colombia\" \/>\n<meta property=\"og:description\" content=\"Cont\u00e1ctenos | Agencia de Marketing y Publicidad Blue Design Worldwide Colombia\" \/>\n<meta property=\"og:url\" content=\"https:\/\/bluecolombia.co\/blue\/contacto\/\" \/>\n<meta property=\"og:site_name\" content=\"Agencia de Marketing y Publicidad Blue Design Worldwide Colombia\" \/>\n<meta property=\"article:publisher\" content=\"https:\/\/www.facebook.com\/AgenciaBlueDesignWorldwideColombia\/\" \/>\n<meta property=\"article:modified_time\" content=\"2024-10-22T13:59:03+00:00\" \/>\n<meta property=\"og:image\" content=\"https:\/\/bluecolombia.co\/blue\/inclusiones\/uploads\/2017\/02\/bf02.jpg\" \/>\n\t<meta property=\"og:image:width\" content=\"1365\" \/>\n\t<meta property=\"og:image:height\" content=\"767\" \/>\n\t<meta property=\"og:image:type\" content=\"image\/jpeg\" \/>\n<meta name=\"twitter:card\" content=\"summary_large_image\" \/>\n<meta name=\"twitter:title\" content=\"Cont\u00e1ctenos | Agencia de Marketing y Publicidad Blue Design Worldwide Colombia\" \/>\n<meta name=\"twitter:description\" content=\"Cont\u00e1ctenos | Agencia de Marketing y Publicidad Blue Design Worldwide Colombia\" \/>\n<meta name=\"twitter:image\" content=\"http:\/\/bluecolombia.co\/blue\/inclusiones\/uploads\/2017\/02\/bf02.jpg\" \/>\n<meta name=\"twitter:site\" content=\"@bluedegcolombia\" \/>\n<meta name=\"twitter:label1\" content=\"Tiempo de lectura\" \/>\n\t<meta name=\"twitter:data1\" content=\"1 minuto\" \/>\n<script type=\"application\/ld+json\" class=\"yoast-schema-graph\">{\"@context\":\"https:\/\/schema.org\",\"@graph\":[{\"@type\":\"WebPage\",\"@id\":\"https:\/\/bluecolombia.co\/blue\/contacto\/\",\"url\":\"https:\/\/bluecolombia.co\/blue\/contacto\/\",\"name\":\"Cont\u00e1ctenos - Agencia de Marketing y Publicidad Blue Design Worldwide Colombia | Agencia de Comunicaci\u00f3n y Relaciones P\u00fablicas en Colombia | Dise\u00f1o de Plan de Medios en Medell\u00edn | Agencias Digitales en Colombia | Dise\u00f1o Web en Medell\u00edn\",\"isPartOf\":{\"@id\":\"https:\/\/bluecolombia.co\/blue\/#website\"},\"primaryImageOfPage\":{\"@id\":\"https:\/\/bluecolombia.co\/blue\/contacto\/#primaryimage\"},\"image\":{\"@id\":\"https:\/\/bluecolombia.co\/blue\/contacto\/#primaryimage\"},\"thumbnailUrl\":\"https:\/\/bluecolombia.co\/blue\/inclusiones\/uploads\/2018\/11\/mapa_3.jpg\",\"datePublished\":\"2014-10-14T17:09:09+00:00\",\"dateModified\":\"2024-10-22T13:59:03+00:00\",\"description\":\"Cont\u00e1ctenos | Agencia de Marketing y Publicidad Blue Design Worldwide Colombia | Dise\u00f1o Web en Medell\u00edn | Agencias Digitales en Medell\u00edn | P\u00e1ginas Web en Colombia | Estrategias Digitales | Agencia de Marketing Digital en Medell\u00edn | Publicidad Y Marketing Online | Posicionamiento SEO | Posicionamiento en Google | Central de Medios en Colombia | Producci\u00f3n Audiovisual para TV | Agencia De Publicidad en Colombia | Creaci\u00f3n de P\u00e1ginas Web | Dise\u00f1o de P\u00e1ginas Web | Desarrollo Web en Medell\u00edn | Posicionamiento de P\u00e1ginas Web\",\"breadcrumb\":{\"@id\":\"https:\/\/bluecolombia.co\/blue\/contacto\/#breadcrumb\"},\"inLanguage\":\"es\",\"potentialAction\":[{\"@type\":\"ReadAction\",\"target\":[\"https:\/\/bluecolombia.co\/blue\/contacto\/\"]}]},{\"@type\":\"ImageObject\",\"inLanguage\":\"es\",\"@id\":\"https:\/\/bluecolombia.co\/blue\/contacto\/#primaryimage\",\"url\":\"https:\/\/bluecolombia.co\/blue\/inclusiones\/uploads\/2018\/11\/mapa_3.jpg\",\"contentUrl\":\"https:\/\/bluecolombia.co\/blue\/inclusiones\/uploads\/2018\/11\/mapa_3.jpg\",\"width\":1194,\"height\":555},{\"@type\":\"BreadcrumbList\",\"@id\":\"https:\/\/bluecolombia.co\/blue\/contacto\/#breadcrumb\",\"itemListElement\":[{\"@type\":\"ListItem\",\"position\":1,\"name\":\"Inicio\",\"item\":\"https:\/\/bluecolombia.co\/blue\/\"},{\"@type\":\"ListItem\",\"position\":2,\"name\":\"Cont\u00e1ctenos\"}]},{\"@type\":\"WebSite\",\"@id\":\"https:\/\/bluecolombia.co\/blue\/#website\",\"url\":\"https:\/\/bluecolombia.co\/blue\/\",\"name\":\"Agencia de Marketing y Publicidad Blue Design Worldwide Colombia\",\"description\":\"Agencia de Marketing Digital, Dise\u00f1o Web en Medell\u00edn, Estrategias Digitales, Posicionamiento SEO, Marketing, Publicidad, Redes Sociales, Central de Medios y Producci\u00f3n Audiovisual en Colombia.\",\"publisher\":{\"@id\":\"https:\/\/bluecolombia.co\/blue\/#organization\"},\"potentialAction\":[{\"@type\":\"SearchAction\",\"target\":{\"@type\":\"EntryPoint\",\"urlTemplate\":\"https:\/\/bluecolombia.co\/blue\/?s={search_term_string}\"},\"query-input\":{\"@type\":\"PropertyValueSpecification\",\"valueRequired\":true,\"valueName\":\"search_term_string\"}}],\"inLanguage\":\"es\"},{\"@type\":\"Organization\",\"@id\":\"https:\/\/bluecolombia.co\/blue\/#organization\",\"name\":\"Agencia de Marketing y Publicidad Blue Design Worldwide Colombia | Dise\u00f1o Web en Medell\u00edn | Agencias Digitales en Medell\u00edn | P\u00e1ginas Web en Colombia | Estrategias Digitales | Agencia de Marketing Digital en Medell\u00edn | Publicidad Y Marketing Online | Posicionamiento SEO | Posicionamiento en Google | Central de Medios en Colombia | Producci\u00f3n Audiovisual para TV | Agencia De Publicidad en Colombia | Creaci\u00f3n de P\u00e1ginas Web | Dise\u00f1o de P\u00e1ginas Web | Desarrollo Web en Medell\u00edn | Posicionamiento de P\u00e1ginas Web\",\"url\":\"https:\/\/bluecolombia.co\/blue\/\",\"logo\":{\"@type\":\"ImageObject\",\"inLanguage\":\"es\",\"@id\":\"https:\/\/bluecolombia.co\/blue\/#\/schema\/logo\/image\/\",\"url\":\"https:\/\/bluecolombia.co\/blue\/inclusiones\/uploads\/2018\/08\/logo-blue-schema.jpeg\",\"contentUrl\":\"https:\/\/bluecolombia.co\/blue\/inclusiones\/uploads\/2018\/08\/logo-blue-schema.jpeg\",\"width\":608,\"height\":606,\"caption\":\"Agencia de Marketing y Publicidad Blue Design Worldwide Colombia | Dise\u00f1o Web en Medell\u00edn | Agencias Digitales en Medell\u00edn | P\u00e1ginas Web en Colombia | Estrategias Digitales | Agencia de Marketing Digital en Medell\u00edn | Publicidad Y Marketing Online | Posicionamiento SEO | Posicionamiento en Google | Central de Medios en Colombia | Producci\u00f3n Audiovisual para TV | Agencia De Publicidad en Colombia | Creaci\u00f3n de P\u00e1ginas Web | Dise\u00f1o de P\u00e1ginas Web | Desarrollo Web en Medell\u00edn | Posicionamiento de P\u00e1ginas Web\"},\"image\":{\"@id\":\"https:\/\/bluecolombia.co\/blue\/#\/schema\/logo\/image\/\"},\"sameAs\":[\"https:\/\/www.facebook.com\/AgenciaBlueDesignWorldwideColombia\/\",\"https:\/\/x.com\/bluedegcolombia\",\"https:\/\/www.instagram.com\/bluedesignworldwide\/\",\"https:\/\/www.linkedin.com\/company\/agencia-blue-design-worldwide-colombia\/\",\"https:\/\/g.page\/bluedesigncolombia?share\",\"https:\/\/es.pinterest.com\/bluedesigncol\/\",\"https:\/\/www.youtube.com\/user\/bluedesigncolombia\",\"https:\/\/es.wikipedia.org\/wiki\/Archivo:Logo-new.jpg\"]}]}<\/script>\n<!-- \/ Yoast SEO plugin. -->","yoast_head_json":{"title":"Cont\u00e1ctenos - Agencia de Marketing y Publicidad Blue Design Worldwide Colombia | Agencia de Comunicaci\u00f3n y Relaciones P\u00fablicas en Colombia | Dise\u00f1o de Plan de Medios en Medell\u00edn | Agencias Digitales en Colombia | Dise\u00f1o Web en Medell\u00edn","description":"Cont\u00e1ctenos | Agencia de Marketing y Publicidad Blue Design Worldwide Colombia | Dise\u00f1o Web en Medell\u00edn | Agencias Digitales en Medell\u00edn | P\u00e1ginas Web en Colombia | Estrategias Digitales | Agencia de Marketing Digital en Medell\u00edn | Publicidad Y Marketing Online | Posicionamiento SEO | Posicionamiento en Google | Central de Medios en Colombia | Producci\u00f3n Audiovisual para TV | Agencia De Publicidad en Colombia | Creaci\u00f3n de P\u00e1ginas Web | Dise\u00f1o de P\u00e1ginas Web | Desarrollo Web en Medell\u00edn | Posicionamiento de P\u00e1ginas Web","robots":{"index":"index","follow":"follow","max-snippet":"max-snippet:-1","max-image-preview":"max-image-preview:large","max-video-preview":"max-video-preview:-1"},"canonical":"https:\/\/bluecolombia.co\/blue\/contacto\/","og_locale":"es_ES","og_type":"article","og_title":"Cont\u00e1ctenos | Agencia de Marketing y Publicidad Blue Design Worldwide Colombia","og_description":"Cont\u00e1ctenos | Agencia de Marketing y Publicidad Blue Design Worldwide Colombia","og_url":"https:\/\/bluecolombia.co\/blue\/contacto\/","og_site_name":"Agencia de Marketing y Publicidad Blue Design Worldwide Colombia","article_publisher":"https:\/\/www.facebook.com\/AgenciaBlueDesignWorldwideColombia\/","article_modified_time":"2024-10-22T13:59:03+00:00","og_image":[{"width":1365,"height":767,"url":"https:\/\/bluecolombia.co\/blue\/inclusiones\/uploads\/2017\/02\/bf02.jpg","type":"image\/jpeg"}],"twitter_card":"summary_large_image","twitter_title":"Cont\u00e1ctenos | Agencia de Marketing y Publicidad Blue Design Worldwide Colombia","twitter_description":"Cont\u00e1ctenos | Agencia de Marketing y Publicidad Blue Design Worldwide Colombia","twitter_image":"http:\/\/bluecolombia.co\/blue\/inclusiones\/uploads\/2017\/02\/bf02.jpg","twitter_site":"@bluedegcolombia","twitter_misc":{"Tiempo de lectura":"1 minuto"},"schema":{"@context":"https:\/\/schema.org","@graph":[{"@type":"WebPage","@id":"https:\/\/bluecolombia.co\/blue\/contacto\/","url":"https:\/\/bluecolombia.co\/blue\/contacto\/","name":"Cont\u00e1ctenos - Agencia de Marketing y Publicidad Blue Design Worldwide Colombia | Agencia de Comunicaci\u00f3n y Relaciones P\u00fablicas en Colombia | Dise\u00f1o de Plan de Medios en Medell\u00edn | Agencias Digitales en Colombia | Dise\u00f1o Web en Medell\u00edn","isPartOf":{"@id":"https:\/\/bluecolombia.co\/blue\/#website"},"primaryImageOfPage":{"@id":"https:\/\/bluecolombia.co\/blue\/contacto\/#primaryimage"},"image":{"@id":"https:\/\/bluecolombia.co\/blue\/contacto\/#primaryimage"},"thumbnailUrl":"https:\/\/bluecolombia.co\/blue\/inclusiones\/uploads\/2018\/11\/mapa_3.jpg","datePublished":"2014-10-14T17:09:09+00:00","dateModified":"2024-10-22T13:59:03+00:00","description":"Cont\u00e1ctenos | Agencia de Marketing y Publicidad Blue Design Worldwide Colombia | Dise\u00f1o Web en Medell\u00edn | Agencias Digitales en Medell\u00edn | P\u00e1ginas Web en Colombia | Estrategias Digitales | Agencia de Marketing Digital en Medell\u00edn | Publicidad Y Marketing Online | Posicionamiento SEO | Posicionamiento en Google | Central de Medios en Colombia | Producci\u00f3n Audiovisual para TV | Agencia De Publicidad en Colombia | Creaci\u00f3n de P\u00e1ginas Web | Dise\u00f1o de P\u00e1ginas Web | Desarrollo Web en Medell\u00edn | Posicionamiento de P\u00e1ginas Web","breadcrumb":{"@id":"https:\/\/bluecolombia.co\/blue\/contacto\/#breadcrumb"},"inLanguage":"es","potentialAction":[{"@type":"ReadAction","target":["https:\/\/bluecolombia.co\/blue\/contacto\/"]}]},{"@type":"ImageObject","inLanguage":"es","@id":"https:\/\/bluecolombia.co\/blue\/contacto\/#primaryimage","url":"https:\/\/bluecolombia.co\/blue\/inclusiones\/uploads\/2018\/11\/mapa_3.jpg","contentUrl":"https:\/\/bluecolombia.co\/blue\/inclusiones\/uploads\/2018\/11\/mapa_3.jpg","width":1194,"height":555},{"@type":"BreadcrumbList","@id":"https:\/\/bluecolombia.co\/blue\/contacto\/#breadcrumb","itemListElement":[{"@type":"ListItem","position":1,"name":"Inicio","item":"https:\/\/bluecolombia.co\/blue\/"},{"@type":"ListItem","position":2,"name":"Cont\u00e1ctenos"}]},{"@type":"WebSite","@id":"https:\/\/bluecolombia.co\/blue\/#website","url":"https:\/\/bluecolombia.co\/blue\/","name":"Agencia de Marketing y Publicidad Blue Design Worldwide Colombia","description":"Agencia de Marketing Digital, Dise\u00f1o Web en Medell\u00edn, Estrategias Digitales, Posicionamiento SEO, Marketing, Publicidad, Redes Sociales, Central de Medios y Producci\u00f3n Audiovisual en Colombia.","publisher":{"@id":"https:\/\/bluecolombia.co\/blue\/#organization"},"potentialAction":[{"@type":"SearchAction","target":{"@type":"EntryPoint","urlTemplate":"https:\/\/bluecolombia.co\/blue\/?s={search_term_string}"},"query-input":{"@type":"PropertyValueSpecification","valueRequired":true,"valueName":"search_term_string"}}],"inLanguage":"es"},{"@type":"Organization","@id":"https:\/\/bluecolombia.co\/blue\/#organization","name":"Agencia de Marketing y Publicidad Blue Design Worldwide Colombia | Dise\u00f1o Web en Medell\u00edn | Agencias Digitales en Medell\u00edn | P\u00e1ginas Web en Colombia | Estrategias Digitales | Agencia de Marketing Digital en Medell\u00edn | Publicidad Y Marketing Online | Posicionamiento SEO | Posicionamiento en Google | Central de Medios en Colombia | Producci\u00f3n Audiovisual para TV | Agencia De Publicidad en Colombia | Creaci\u00f3n de P\u00e1ginas Web | Dise\u00f1o de P\u00e1ginas Web | Desarrollo Web en Medell\u00edn | Posicionamiento de P\u00e1ginas Web","url":"https:\/\/bluecolombia.co\/blue\/","logo":{"@type":"ImageObject","inLanguage":"es","@id":"https:\/\/bluecolombia.co\/blue\/#\/schema\/logo\/image\/","url":"https:\/\/bluecolombia.co\/blue\/inclusiones\/uploads\/2018\/08\/logo-blue-schema.jpeg","contentUrl":"https:\/\/bluecolombia.co\/blue\/inclusiones\/uploads\/2018\/08\/logo-blue-schema.jpeg","width":608,"height":606,"caption":"Agencia de Marketing y Publicidad Blue Design Worldwide Colombia | Dise\u00f1o Web en Medell\u00edn | Agencias Digitales en Medell\u00edn | P\u00e1ginas Web en Colombia | Estrategias Digitales | Agencia de Marketing Digital en Medell\u00edn | Publicidad Y Marketing Online | Posicionamiento SEO | Posicionamiento en Google | Central de Medios en Colombia | Producci\u00f3n Audiovisual para TV | Agencia De Publicidad en Colombia | Creaci\u00f3n de P\u00e1ginas Web | Dise\u00f1o de P\u00e1ginas Web | Desarrollo Web en Medell\u00edn | Posicionamiento de P\u00e1ginas Web"},"image":{"@id":"https:\/\/bluecolombia.co\/blue\/#\/schema\/logo\/image\/"},"sameAs":["https:\/\/www.facebook.com\/AgenciaBlueDesignWorldwideColombia\/","https:\/\/x.com\/bluedegcolombia","https:\/\/www.instagram.com\/bluedesignworldwide\/","https:\/\/www.linkedin.com\/company\/agencia-blue-design-worldwide-colombia\/","https:\/\/g.page\/bluedesigncolombia?share","https:\/\/es.pinterest.com\/bluedesigncol\/","https:\/\/www.youtube.com\/user\/bluedesigncolombia","https:\/\/es.wikipedia.org\/wiki\/Archivo:Logo-new.jpg"]}]}},"_links":{"self":[{"href":"https:\/\/bluecolombia.co\/blue\/wp-json\/wp\/v2\/pages\/6","targetHints":{"allow":["GET"]}}],"collection":[{"href":"https:\/\/bluecolombia.co\/blue\/wp-json\/wp\/v2\/pages"}],"about":[{"href":"https:\/\/bluecolombia.co\/blue\/wp-json\/wp\/v2\/types\/page"}],"author":[{"embeddable":true,"href":"https:\/\/bluecolombia.co\/blue\/wp-json\/wp\/v2\/users\/1"}],"replies":[{"embeddable":true,"href":"https:\/\/bluecolombia.co\/blue\/wp-json\/wp\/v2\/comments?post=6"}],"version-history":[{"count":62,"href":"https:\/\/bluecolombia.co\/blue\/wp-json\/wp\/v2\/pages\/6\/revisions"}],"predecessor-version":[{"id":1741,"href":"https:\/\/bluecolombia.co\/blue\/wp-json\/wp\/v2\/pages\/6\/revisions\/1741"}],"wp:featuredmedia":[{"embeddable":true,"href":"https:\/\/bluecolombia.co\/blue\/wp-json\/wp\/v2\/media\/1667"}],"wp:attachment":[{"href":"https:\/\/bluecolombia.co\/blue\/wp-json\/wp\/v2\/media?parent=6"}],"curies":[{"name":"wp","href":"https:\/\/api.w.org\/{rel}","templated":true}]}}