{"id":626,"date":"2015-02-09T22:36:13","date_gmt":"2015-02-10T03:36:13","guid":{"rendered":"http:\/\/bluecolombia.co\/blue\/?page_id=626"},"modified":"2018-08-12T16:04:50","modified_gmt":"2018-08-12T21:04:50","slug":"activaciones-de-marca","status":"publish","type":"page","link":"https:\/\/bluecolombia.co\/blue\/activaciones-de-marca\/","title":{"rendered":"Activaciones de marca ATL, BTL y Digital en Colombia"},"content":{"rendered":"<p style=\"text-align: justify;\">Nuestro prop\u00f3sito es que el usuario de la marca experimente un contacto \u00f3ptimo y directo con el producto, as\u00ed se garantiza la interacci\u00f3n total y \u00e9xito de las <strong>campa\u00f1as publicitarias<\/strong>.<\/p>\n<p>Uno de los aspectos que generan las piezas creativas para ATL de Blue Design, es que en el proceso de compra, el consumidor se ve guiado por las emociones generadas por la comunicaci\u00f3n visual y no por la raz\u00f3n; Por ello, uno de los principios de estas activaciones es estimular las emociones.<\/p>\n<p style=\"text-align: center;\"><a class=\"btn btn-lg btn-primary\" href=\"http:\/\/bluecolombia.co\/blue\/contacto\/\" title=\"Cu\u00e9ntanos tu proyecto\" target=\"\">Cu\u00e9ntanos tu proyecto<\/a>\n<p style=\"text-align: center;\"><a class=\"btn btn-lg btn-default\" href=\"http:\/\/bluecolombia.co\/blue\/contacto\/\" title=\"Solicita una cotizaci\u00f3n\" target=\"\">Solicita una cotizaci\u00f3n<\/a>\n","protected":false},"excerpt":{"rendered":"<p>Nuestro prop\u00f3sito es que el usuario de la marca experimente un contacto \u00f3ptimo y directo con el producto, as\u00ed se garantiza la interacci\u00f3n total y \u00e9xito de las campa\u00f1as publicitarias. &#8230;<\/p>\n","protected":false},"author":1,"featured_media":838,"parent":0,"menu_order":0,"comment_status":"closed","ping_status":"open","template":"","meta":{"footnotes":""},"class_list":["post-626","page","type-page","status-publish","has-post-thumbnail","hentry"],"yoast_head":"<!-- This site is optimized with the Yoast SEO plugin v25.0 - https:\/\/yoast.com\/wordpress\/plugins\/seo\/ -->\n<title>Activaciones de marca ATL, BTL y Digital en Colombia - Agencia de Marketing y Publicidad Blue Design Worldwide Colombia | Agencia de Publicidad en Medell\u00edn | Agencia de Marketing en Colombia | Activaci\u00f3n para Medios Digitales | Lanzamiento de Producto | Estrategias de Marketing BTL en Colombia<\/title>\n<meta name=\"description\" content=\"Agencia de Activaciones ATL, BTL y Digitales en Medell\u00edn | Agencia de Marketing y Publicidad Blue Design Worldwide Colombia | Dise\u00f1o Web en Medell\u00edn | Agencias Digitales en Medell\u00edn | P\u00e1ginas Web en Colombia | Estrategias Digitales | Agencia de Marketing Digital en Medell\u00edn | Publicidad Y Marketing Online | Posicionamiento SEO | Posicionamiento en Google | Central de Medios en Colombia | Producci\u00f3n Audiovisual para TV | Agencia De Publicidad en Colombia | Creaci\u00f3n de P\u00e1ginas Web | Dise\u00f1o de P\u00e1ginas Web | Desarrollo Web en Medell\u00edn | Posicionamiento de P\u00e1ginas Web\" \/>\n<meta name=\"robots\" content=\"index, follow, max-snippet:-1, max-image-preview:large, max-video-preview:-1\" \/>\n<link rel=\"canonical\" href=\"https:\/\/bluecolombia.co\/blue\/activaciones-de-marca\/\" \/>\n<meta property=\"og:locale\" content=\"es_ES\" \/>\n<meta property=\"og:type\" content=\"article\" \/>\n<meta property=\"og:title\" content=\"Agencia de Activaciones ATL, BTL y Digitales en Medell\u00edn | Agencia de Marketing y Publicidad Blue Design Worldwide Colombia\" \/>\n<meta property=\"og:description\" content=\"Agencia de Activaciones ATL, BTL y Digitales en Medell\u00edn | Agencia de Marketing y Publicidad Blue Design Worldwide Colombia\" \/>\n<meta property=\"og:url\" content=\"https:\/\/bluecolombia.co\/blue\/activaciones-de-marca\/\" \/>\n<meta property=\"og:site_name\" content=\"Agencia de Marketing y Publicidad Blue Design Worldwide Colombia\" \/>\n<meta property=\"article:publisher\" content=\"https:\/\/www.facebook.com\/AgenciaBlueDesignWorldwideColombia\/\" \/>\n<meta property=\"article:modified_time\" content=\"2018-08-12T21:04:50+00:00\" \/>\n<meta property=\"og:image\" content=\"https:\/\/bluecolombia.co\/blue\/inclusiones\/uploads\/2015\/02\/shutterstock_129339779.jpg\" \/>\n\t<meta property=\"og:image:width\" content=\"2048\" \/>\n\t<meta property=\"og:image:height\" content=\"1365\" \/>\n\t<meta property=\"og:image:type\" content=\"image\/jpeg\" \/>\n<meta name=\"twitter:card\" content=\"summary_large_image\" \/>\n<meta name=\"twitter:title\" content=\"Agencia de Activaciones ATL, BTL y Digitales en Medell\u00edn | Agencia de Marketing y Publicidad Blue Design Worldwide Colombia\" \/>\n<meta name=\"twitter:description\" content=\"Agencia de Activaciones ATL, BTL y Digitales en Medell\u00edn | Agencia de Marketing y Publicidad Blue Design Worldwide Colombia\" \/>\n<meta name=\"twitter:image\" content=\"http:\/\/bluecolombia.co\/blue\/inclusiones\/uploads\/2015\/02\/shutterstock_129339779.jpg\" \/>\n<meta name=\"twitter:site\" content=\"@bluedegcolombia\" \/>\n<meta name=\"twitter:label1\" content=\"Tiempo de lectura\" \/>\n\t<meta name=\"twitter:data1\" content=\"1 minuto\" \/>\n<script type=\"application\/ld+json\" class=\"yoast-schema-graph\">{\"@context\":\"https:\/\/schema.org\",\"@graph\":[{\"@type\":\"WebPage\",\"@id\":\"https:\/\/bluecolombia.co\/blue\/activaciones-de-marca\/\",\"url\":\"https:\/\/bluecolombia.co\/blue\/activaciones-de-marca\/\",\"name\":\"Activaciones de marca ATL, BTL y Digital en Colombia - Agencia de Marketing y Publicidad Blue Design Worldwide Colombia | Agencia de Publicidad en Medell\u00edn | Agencia de Marketing en Colombia | Activaci\u00f3n para Medios Digitales | Lanzamiento de Producto | Estrategias de Marketing BTL en Colombia\",\"isPartOf\":{\"@id\":\"https:\/\/bluecolombia.co\/blue\/#website\"},\"primaryImageOfPage\":{\"@id\":\"https:\/\/bluecolombia.co\/blue\/activaciones-de-marca\/#primaryimage\"},\"image\":{\"@id\":\"https:\/\/bluecolombia.co\/blue\/activaciones-de-marca\/#primaryimage\"},\"thumbnailUrl\":\"https:\/\/bluecolombia.co\/blue\/inclusiones\/uploads\/2015\/02\/shutterstock_129339779.jpg\",\"datePublished\":\"2015-02-10T03:36:13+00:00\",\"dateModified\":\"2018-08-12T21:04:50+00:00\",\"description\":\"Agencia de Activaciones ATL, BTL y Digitales en Medell\u00edn | Agencia de Marketing y Publicidad Blue Design Worldwide Colombia | Dise\u00f1o Web en Medell\u00edn | Agencias Digitales en Medell\u00edn | P\u00e1ginas Web en Colombia | Estrategias Digitales | Agencia de Marketing Digital en Medell\u00edn | Publicidad Y Marketing Online | Posicionamiento SEO | Posicionamiento en Google | Central de Medios en Colombia | Producci\u00f3n Audiovisual para TV | Agencia De Publicidad en Colombia | Creaci\u00f3n de P\u00e1ginas Web | Dise\u00f1o de P\u00e1ginas Web | Desarrollo Web en Medell\u00edn | Posicionamiento de P\u00e1ginas Web\",\"breadcrumb\":{\"@id\":\"https:\/\/bluecolombia.co\/blue\/activaciones-de-marca\/#breadcrumb\"},\"inLanguage\":\"es\",\"potentialAction\":[{\"@type\":\"ReadAction\",\"target\":[\"https:\/\/bluecolombia.co\/blue\/activaciones-de-marca\/\"]}]},{\"@type\":\"ImageObject\",\"inLanguage\":\"es\",\"@id\":\"https:\/\/bluecolombia.co\/blue\/activaciones-de-marca\/#primaryimage\",\"url\":\"https:\/\/bluecolombia.co\/blue\/inclusiones\/uploads\/2015\/02\/shutterstock_129339779.jpg\",\"contentUrl\":\"https:\/\/bluecolombia.co\/blue\/inclusiones\/uploads\/2015\/02\/shutterstock_129339779.jpg\",\"width\":2048,\"height\":1365},{\"@type\":\"BreadcrumbList\",\"@id\":\"https:\/\/bluecolombia.co\/blue\/activaciones-de-marca\/#breadcrumb\",\"itemListElement\":[{\"@type\":\"ListItem\",\"position\":1,\"name\":\"Inicio\",\"item\":\"https:\/\/bluecolombia.co\/blue\/\"},{\"@type\":\"ListItem\",\"position\":2,\"name\":\"Activaciones ATL, BTL y Digital\"}]},{\"@type\":\"WebSite\",\"@id\":\"https:\/\/bluecolombia.co\/blue\/#website\",\"url\":\"https:\/\/bluecolombia.co\/blue\/\",\"name\":\"Agencia de Marketing y Publicidad Blue Design Worldwide Colombia\",\"description\":\"Agencia de Marketing Digital, Dise\u00f1o Web en Medell\u00edn, Estrategias Digitales, Posicionamiento SEO, Marketing, Publicidad, Redes Sociales, Central de Medios y Producci\u00f3n Audiovisual en Colombia.\",\"publisher\":{\"@id\":\"https:\/\/bluecolombia.co\/blue\/#organization\"},\"potentialAction\":[{\"@type\":\"SearchAction\",\"target\":{\"@type\":\"EntryPoint\",\"urlTemplate\":\"https:\/\/bluecolombia.co\/blue\/?s={search_term_string}\"},\"query-input\":{\"@type\":\"PropertyValueSpecification\",\"valueRequired\":true,\"valueName\":\"search_term_string\"}}],\"inLanguage\":\"es\"},{\"@type\":\"Organization\",\"@id\":\"https:\/\/bluecolombia.co\/blue\/#organization\",\"name\":\"Agencia de Marketing y Publicidad Blue Design Worldwide Colombia | Dise\u00f1o Web en Medell\u00edn | Agencias Digitales en Medell\u00edn | P\u00e1ginas Web en Colombia | Estrategias Digitales | Agencia de Marketing Digital en Medell\u00edn | Publicidad Y Marketing Online | Posicionamiento SEO | Posicionamiento en Google | Central de Medios en Colombia | Producci\u00f3n Audiovisual para TV | Agencia De Publicidad en Colombia | Creaci\u00f3n de P\u00e1ginas Web | Dise\u00f1o de P\u00e1ginas Web | Desarrollo Web en Medell\u00edn | Posicionamiento de P\u00e1ginas Web\",\"url\":\"https:\/\/bluecolombia.co\/blue\/\",\"logo\":{\"@type\":\"ImageObject\",\"inLanguage\":\"es\",\"@id\":\"https:\/\/bluecolombia.co\/blue\/#\/schema\/logo\/image\/\",\"url\":\"https:\/\/bluecolombia.co\/blue\/inclusiones\/uploads\/2018\/08\/logo-blue-schema.jpeg\",\"contentUrl\":\"https:\/\/bluecolombia.co\/blue\/inclusiones\/uploads\/2018\/08\/logo-blue-schema.jpeg\",\"width\":608,\"height\":606,\"caption\":\"Agencia de Marketing y Publicidad Blue Design Worldwide Colombia | Dise\u00f1o Web en Medell\u00edn | Agencias Digitales en Medell\u00edn | P\u00e1ginas Web en Colombia | Estrategias Digitales | Agencia de Marketing Digital en Medell\u00edn | Publicidad Y Marketing Online | Posicionamiento SEO | Posicionamiento en Google | Central de Medios en Colombia | Producci\u00f3n Audiovisual para TV | Agencia De Publicidad en Colombia | Creaci\u00f3n de P\u00e1ginas Web | Dise\u00f1o de P\u00e1ginas Web | Desarrollo Web en Medell\u00edn | Posicionamiento de P\u00e1ginas Web\"},\"image\":{\"@id\":\"https:\/\/bluecolombia.co\/blue\/#\/schema\/logo\/image\/\"},\"sameAs\":[\"https:\/\/www.facebook.com\/AgenciaBlueDesignWorldwideColombia\/\",\"https:\/\/x.com\/bluedegcolombia\",\"https:\/\/www.instagram.com\/bluedesignworldwide\/\",\"https:\/\/www.linkedin.com\/company\/agencia-blue-design-worldwide-colombia\/\",\"https:\/\/g.page\/bluedesigncolombia?share\",\"https:\/\/es.pinterest.com\/bluedesigncol\/\",\"https:\/\/www.youtube.com\/user\/bluedesigncolombia\",\"https:\/\/es.wikipedia.org\/wiki\/Archivo:Logo-new.jpg\"]}]}<\/script>\n<!-- \/ Yoast SEO plugin. -->","yoast_head_json":{"title":"Activaciones de marca ATL, BTL y Digital en Colombia - Agencia de Marketing y Publicidad Blue Design Worldwide Colombia | Agencia de Publicidad en Medell\u00edn | Agencia de Marketing en Colombia | Activaci\u00f3n para Medios Digitales | Lanzamiento de Producto | Estrategias de Marketing BTL en Colombia","description":"Agencia de Activaciones ATL, BTL y Digitales en Medell\u00edn | Agencia de Marketing y Publicidad Blue Design Worldwide Colombia | Dise\u00f1o Web en Medell\u00edn | Agencias Digitales en Medell\u00edn | P\u00e1ginas Web en Colombia | Estrategias Digitales | Agencia de Marketing Digital en Medell\u00edn | Publicidad Y Marketing Online | Posicionamiento SEO | Posicionamiento en Google | Central de Medios en Colombia | Producci\u00f3n Audiovisual para TV | Agencia De Publicidad en Colombia | Creaci\u00f3n de P\u00e1ginas Web | Dise\u00f1o de P\u00e1ginas Web | Desarrollo Web en Medell\u00edn | Posicionamiento de P\u00e1ginas Web","robots":{"index":"index","follow":"follow","max-snippet":"max-snippet:-1","max-image-preview":"max-image-preview:large","max-video-preview":"max-video-preview:-1"},"canonical":"https:\/\/bluecolombia.co\/blue\/activaciones-de-marca\/","og_locale":"es_ES","og_type":"article","og_title":"Agencia de Activaciones ATL, BTL y Digitales en Medell\u00edn | Agencia de Marketing y Publicidad Blue Design Worldwide Colombia","og_description":"Agencia de Activaciones ATL, BTL y Digitales en Medell\u00edn | Agencia de Marketing y Publicidad Blue Design Worldwide Colombia","og_url":"https:\/\/bluecolombia.co\/blue\/activaciones-de-marca\/","og_site_name":"Agencia de Marketing y Publicidad Blue Design Worldwide Colombia","article_publisher":"https:\/\/www.facebook.com\/AgenciaBlueDesignWorldwideColombia\/","article_modified_time":"2018-08-12T21:04:50+00:00","og_image":[{"width":2048,"height":1365,"url":"https:\/\/bluecolombia.co\/blue\/inclusiones\/uploads\/2015\/02\/shutterstock_129339779.jpg","type":"image\/jpeg"}],"twitter_card":"summary_large_image","twitter_title":"Agencia de Activaciones ATL, BTL y Digitales en Medell\u00edn | Agencia de Marketing y Publicidad Blue Design Worldwide Colombia","twitter_description":"Agencia de Activaciones ATL, BTL y Digitales en Medell\u00edn | Agencia de Marketing y Publicidad Blue Design Worldwide Colombia","twitter_image":"http:\/\/bluecolombia.co\/blue\/inclusiones\/uploads\/2015\/02\/shutterstock_129339779.jpg","twitter_site":"@bluedegcolombia","twitter_misc":{"Tiempo de lectura":"1 minuto"},"schema":{"@context":"https:\/\/schema.org","@graph":[{"@type":"WebPage","@id":"https:\/\/bluecolombia.co\/blue\/activaciones-de-marca\/","url":"https:\/\/bluecolombia.co\/blue\/activaciones-de-marca\/","name":"Activaciones de marca ATL, BTL y Digital en Colombia - Agencia de Marketing y Publicidad Blue Design Worldwide Colombia | Agencia de Publicidad en Medell\u00edn | Agencia de Marketing en Colombia | Activaci\u00f3n para Medios Digitales | Lanzamiento de Producto | Estrategias de Marketing BTL en Colombia","isPartOf":{"@id":"https:\/\/bluecolombia.co\/blue\/#website"},"primaryImageOfPage":{"@id":"https:\/\/bluecolombia.co\/blue\/activaciones-de-marca\/#primaryimage"},"image":{"@id":"https:\/\/bluecolombia.co\/blue\/activaciones-de-marca\/#primaryimage"},"thumbnailUrl":"https:\/\/bluecolombia.co\/blue\/inclusiones\/uploads\/2015\/02\/shutterstock_129339779.jpg","datePublished":"2015-02-10T03:36:13+00:00","dateModified":"2018-08-12T21:04:50+00:00","description":"Agencia de Activaciones ATL, BTL y Digitales en Medell\u00edn | Agencia de Marketing y Publicidad Blue Design Worldwide Colombia | Dise\u00f1o Web en Medell\u00edn | Agencias Digitales en Medell\u00edn | P\u00e1ginas Web en Colombia | Estrategias Digitales | Agencia de Marketing Digital en Medell\u00edn | Publicidad Y Marketing Online | Posicionamiento SEO | Posicionamiento en Google | Central de Medios en Colombia | Producci\u00f3n Audiovisual para TV | Agencia De Publicidad en Colombia | Creaci\u00f3n de P\u00e1ginas Web | Dise\u00f1o de P\u00e1ginas Web | Desarrollo Web en Medell\u00edn | Posicionamiento de P\u00e1ginas Web","breadcrumb":{"@id":"https:\/\/bluecolombia.co\/blue\/activaciones-de-marca\/#breadcrumb"},"inLanguage":"es","potentialAction":[{"@type":"ReadAction","target":["https:\/\/bluecolombia.co\/blue\/activaciones-de-marca\/"]}]},{"@type":"ImageObject","inLanguage":"es","@id":"https:\/\/bluecolombia.co\/blue\/activaciones-de-marca\/#primaryimage","url":"https:\/\/bluecolombia.co\/blue\/inclusiones\/uploads\/2015\/02\/shutterstock_129339779.jpg","contentUrl":"https:\/\/bluecolombia.co\/blue\/inclusiones\/uploads\/2015\/02\/shutterstock_129339779.jpg","width":2048,"height":1365},{"@type":"BreadcrumbList","@id":"https:\/\/bluecolombia.co\/blue\/activaciones-de-marca\/#breadcrumb","itemListElement":[{"@type":"ListItem","position":1,"name":"Inicio","item":"https:\/\/bluecolombia.co\/blue\/"},{"@type":"ListItem","position":2,"name":"Activaciones ATL, BTL y Digital"}]},{"@type":"WebSite","@id":"https:\/\/bluecolombia.co\/blue\/#website","url":"https:\/\/bluecolombia.co\/blue\/","name":"Agencia de Marketing y Publicidad Blue Design Worldwide Colombia","description":"Agencia de Marketing Digital, Dise\u00f1o Web en Medell\u00edn, Estrategias Digitales, Posicionamiento SEO, Marketing, Publicidad, Redes Sociales, Central de Medios y Producci\u00f3n Audiovisual en Colombia.","publisher":{"@id":"https:\/\/bluecolombia.co\/blue\/#organization"},"potentialAction":[{"@type":"SearchAction","target":{"@type":"EntryPoint","urlTemplate":"https:\/\/bluecolombia.co\/blue\/?s={search_term_string}"},"query-input":{"@type":"PropertyValueSpecification","valueRequired":true,"valueName":"search_term_string"}}],"inLanguage":"es"},{"@type":"Organization","@id":"https:\/\/bluecolombia.co\/blue\/#organization","name":"Agencia de Marketing y Publicidad Blue Design Worldwide Colombia | Dise\u00f1o Web en Medell\u00edn | Agencias Digitales en Medell\u00edn | P\u00e1ginas Web en Colombia | Estrategias Digitales | Agencia de Marketing Digital en Medell\u00edn | Publicidad Y Marketing Online | Posicionamiento SEO | Posicionamiento en Google | Central de Medios en Colombia | Producci\u00f3n Audiovisual para TV | Agencia De Publicidad en Colombia | Creaci\u00f3n de P\u00e1ginas Web | Dise\u00f1o de P\u00e1ginas Web | Desarrollo Web en Medell\u00edn | Posicionamiento de P\u00e1ginas Web","url":"https:\/\/bluecolombia.co\/blue\/","logo":{"@type":"ImageObject","inLanguage":"es","@id":"https:\/\/bluecolombia.co\/blue\/#\/schema\/logo\/image\/","url":"https:\/\/bluecolombia.co\/blue\/inclusiones\/uploads\/2018\/08\/logo-blue-schema.jpeg","contentUrl":"https:\/\/bluecolombia.co\/blue\/inclusiones\/uploads\/2018\/08\/logo-blue-schema.jpeg","width":608,"height":606,"caption":"Agencia de Marketing y Publicidad Blue Design Worldwide Colombia | Dise\u00f1o Web en Medell\u00edn | Agencias Digitales en Medell\u00edn | P\u00e1ginas Web en Colombia | Estrategias Digitales | Agencia de Marketing Digital en Medell\u00edn | Publicidad Y Marketing Online | Posicionamiento SEO | Posicionamiento en Google | Central de Medios en Colombia | Producci\u00f3n Audiovisual para TV | Agencia De Publicidad en Colombia | Creaci\u00f3n de P\u00e1ginas Web | Dise\u00f1o de P\u00e1ginas Web | Desarrollo Web en Medell\u00edn | Posicionamiento de P\u00e1ginas Web"},"image":{"@id":"https:\/\/bluecolombia.co\/blue\/#\/schema\/logo\/image\/"},"sameAs":["https:\/\/www.facebook.com\/AgenciaBlueDesignWorldwideColombia\/","https:\/\/x.com\/bluedegcolombia","https:\/\/www.instagram.com\/bluedesignworldwide\/","https:\/\/www.linkedin.com\/company\/agencia-blue-design-worldwide-colombia\/","https:\/\/g.page\/bluedesigncolombia?share","https:\/\/es.pinterest.com\/bluedesigncol\/","https:\/\/www.youtube.com\/user\/bluedesigncolombia","https:\/\/es.wikipedia.org\/wiki\/Archivo:Logo-new.jpg"]}]}},"_links":{"self":[{"href":"https:\/\/bluecolombia.co\/blue\/wp-json\/wp\/v2\/pages\/626","targetHints":{"allow":["GET"]}}],"collection":[{"href":"https:\/\/bluecolombia.co\/blue\/wp-json\/wp\/v2\/pages"}],"about":[{"href":"https:\/\/bluecolombia.co\/blue\/wp-json\/wp\/v2\/types\/page"}],"author":[{"embeddable":true,"href":"https:\/\/bluecolombia.co\/blue\/wp-json\/wp\/v2\/users\/1"}],"replies":[{"embeddable":true,"href":"https:\/\/bluecolombia.co\/blue\/wp-json\/wp\/v2\/comments?post=626"}],"version-history":[{"count":6,"href":"https:\/\/bluecolombia.co\/blue\/wp-json\/wp\/v2\/pages\/626\/revisions"}],"predecessor-version":[{"id":1654,"href":"https:\/\/bluecolombia.co\/blue\/wp-json\/wp\/v2\/pages\/626\/revisions\/1654"}],"wp:featuredmedia":[{"embeddable":true,"href":"https:\/\/bluecolombia.co\/blue\/wp-json\/wp\/v2\/media\/838"}],"wp:attachment":[{"href":"https:\/\/bluecolombia.co\/blue\/wp-json\/wp\/v2\/media?parent=626"}],"curies":[{"name":"wp","href":"https:\/\/api.w.org\/{rel}","templated":true}]}}