{"id":644,"date":"2015-02-09T22:40:10","date_gmt":"2015-02-10T03:40:10","guid":{"rendered":"http:\/\/bluecolombia.co\/blue\/?page_id=644"},"modified":"2018-08-12T16:26:43","modified_gmt":"2018-08-12T21:26:43","slug":"video-comerciales-produccion-audiovisual","status":"publish","type":"page","link":"https:\/\/bluecolombia.co\/blue\/video-comerciales-produccion-audiovisual\/","title":{"rendered":"Video Comerciales | Comerciales para Televisi\u00f3n | Producci\u00f3n Audiovisual"},"content":{"rendered":"<p style=\"text-align: justify;\"><strong><em>En Blue Design, trabajamos con las mejores propuestas de storyboard comercial y estamos a la vanguardia del entretenimiento, lo que le garantiza al usuario un video intuitivo y capaz de transmitir el mensaje directamente en la mente del p\u00fablico.\u00a0La producci\u00f3n de video comerciales que Blue Design realiza, cuentan con los est\u00e1ndares utilizados en los principales canales de TV local y nacional.<\/em><\/strong><\/p>\n<p style=\"text-align: justify;\">Blue Design tiene experiencia en producci\u00f3n de comerciales de TV y anuncios publicitarios en video para canales de TV y cine comercial. Tambi\u00e9n, ha sido ganadora por la realizaci\u00f3n y producci\u00f3n de comerciales de radio con exitosos locutores nacionales. Nuestros comerciales para radio son efectivos y con una alta calidad sonora. Nuestra realizaci\u00f3n audiovisual se basa en: jingles para radio, comerciales de tv, post producci\u00f3n audiovisual y producci\u00f3n de audiovisuales en general. Manejamos todos los tipos de comerciales de televisi\u00f3n.<\/p>\n<p style=\"text-align: justify;\">Blue Design le presenta precios de publicidad en radio y anuncios comerciales en espa\u00f1ol. Hacemos producci\u00f3n audiovisual en Medell\u00edn y spots de televisi\u00f3n con fines de branding y comerciales de marca, cu\u00f1as publicitarias, videos institucionales y corporativos con calidad de Alta definici\u00f3n y con la mejor tecnolog\u00eda para el film.<\/p>\n<p style=\"text-align: center;\"><a class=\"btn btn-lg btn-default\" href=\"http:\/\/bluecolombia.co\/blue\/portafolio\/\" title=\"Ver portafolio\" target=\"\">Mira nuestro portafolio<\/a>\n<p style=\"text-align: justify;\">Blue Design Colombia se encuentra dentro del ranking de las mejores empresas de publicidad, marketing y medios de Colombia. Blue Design es una red de Agencias creativas de publicidad y se encuentra dentro de un amplio directorio de agencias de publicidad en la ciudad. Somos creadores de p\u00e1ginas web de agencias de publicidad reconocidas en el medio gracias a nuestro buen manejo de imagen corporativa y Branding de marca.<\/p>\n<p style=\"text-align: justify;\">Blue Design cuenta con los mejores servicios de agencias de publicidad, certificados en marketing directo y agencias de publicidad en Miami. Blue Design es una agencia de publicidad digital con amplia experiencia en ATL y anuncios publicitarios para la publicidad de grandes marcas como EPM, Ecopetrol, SENA, Grupo Nutresa, Bavaria, General Motors, Bancolombia, entre otros.<\/p>\n<p style=\"text-align: center;\"><a class=\"btn btn-lg btn-primary\" href=\"http:\/\/bluecolombia.co\/blue\/contacto\/\" title=\"Cu\u00e9ntanos tu proyecto\" target=\"\">Cu\u00e9ntanos tu proyecto<\/a>\n<p style=\"text-align: center;\"><a class=\"btn btn-lg btn-default\" href=\"http:\/\/bluecolombia.co\/blue\/contacto\/\" title=\"Solicita una cotizaci\u00f3n\" target=\"\">Solicita una cotizaci\u00f3n<\/a>\n","protected":false},"excerpt":{"rendered":"<p>En Blue Design, trabajamos con las mejores propuestas de storyboard comercial y estamos a la vanguardia del entretenimiento, lo que le garantiza al usuario un video intuitivo y capaz de &#8230;<\/p>\n","protected":false},"author":1,"featured_media":867,"parent":0,"menu_order":0,"comment_status":"closed","ping_status":"open","template":"","meta":{"footnotes":""},"class_list":["post-644","page","type-page","status-publish","has-post-thumbnail","hentry"],"yoast_head":"<!-- This site is optimized with the Yoast SEO plugin v25.0 - https:\/\/yoast.com\/wordpress\/plugins\/seo\/ -->\n<title>Video Comerciales | Comerciales para Televisi\u00f3n | Producci\u00f3n Audiovisual - Agencia de Marketing y Publicidad Blue Design Worldwide Colombia | Agencia de Producci\u00f3n Audiovisual en Medell\u00edn | Comerciales para Televisi\u00f3n y Radio en Colombia | Agencia De Publicidad en Medell\u00edn Colombia<\/title>\n<meta name=\"description\" content=\"Video Comerciales y Producci\u00f3n Audiovisual | Agencia de Marketing y Publicidad Blue Design Worldwide Colombia | Dise\u00f1o Web en Medell\u00edn | Agencias Digitales en Medell\u00edn | P\u00e1ginas Web en Colombia | Estrategias Digitales | Agencia de Marketing Digital en Medell\u00edn | Publicidad Y Marketing Online | Posicionamiento SEO | Posicionamiento en Google | Central de Medios en Colombia | Producci\u00f3n Audiovisual para TV | Agencia De Publicidad en Colombia | Creaci\u00f3n de P\u00e1ginas Web | Dise\u00f1o de P\u00e1ginas Web | Desarrollo Web en Medell\u00edn | Posicionamiento de P\u00e1ginas Web\" \/>\n<meta name=\"robots\" content=\"index, follow, max-snippet:-1, max-image-preview:large, max-video-preview:-1\" \/>\n<link rel=\"canonical\" href=\"https:\/\/bluecolombia.co\/blue\/video-comerciales-produccion-audiovisual\/\" \/>\n<meta property=\"og:locale\" content=\"es_ES\" \/>\n<meta property=\"og:type\" content=\"article\" \/>\n<meta property=\"og:title\" content=\"Video Comerciales y Producci\u00f3n Audiovisual | Agencia de Marketing y Publicidad Blue Design Worldwide Colombia\" \/>\n<meta property=\"og:description\" content=\"Video Comerciales y Producci\u00f3n Audiovisual | Agencia de Marketing y Publicidad Blue Design Worldwide Colombia\" \/>\n<meta property=\"og:url\" content=\"https:\/\/bluecolombia.co\/blue\/video-comerciales-produccion-audiovisual\/\" \/>\n<meta property=\"og:site_name\" content=\"Agencia de Marketing y Publicidad Blue Design Worldwide Colombia\" \/>\n<meta property=\"article:publisher\" content=\"https:\/\/www.facebook.com\/AgenciaBlueDesignWorldwideColombia\/\" \/>\n<meta property=\"article:modified_time\" content=\"2018-08-12T21:26:43+00:00\" \/>\n<meta property=\"og:image\" content=\"https:\/\/bluecolombia.co\/blue\/inclusiones\/uploads\/2015\/02\/shutterstock_128495339.jpg\" \/>\n\t<meta property=\"og:image:width\" content=\"2048\" \/>\n\t<meta property=\"og:image:height\" content=\"1365\" \/>\n\t<meta property=\"og:image:type\" content=\"image\/jpeg\" \/>\n<meta name=\"twitter:card\" content=\"summary_large_image\" \/>\n<meta name=\"twitter:title\" content=\"Video Comerciales y Producci\u00f3n Audiovisual | Agencia de Marketing y Publicidad Blue Design Worldwide Colombia\" \/>\n<meta name=\"twitter:description\" content=\"Video Comerciales y Producci\u00f3n Audiovisual | Agencia de Marketing y Publicidad Blue Design Worldwide Colombia\" \/>\n<meta name=\"twitter:image\" content=\"http:\/\/bluecolombia.co\/blue\/inclusiones\/uploads\/2015\/02\/shutterstock_128495339.jpg\" \/>\n<meta name=\"twitter:site\" content=\"@bluedegcolombia\" \/>\n<meta name=\"twitter:label1\" content=\"Tiempo de lectura\" \/>\n\t<meta name=\"twitter:data1\" content=\"2 minutos\" \/>\n<script type=\"application\/ld+json\" class=\"yoast-schema-graph\">{\"@context\":\"https:\/\/schema.org\",\"@graph\":[{\"@type\":\"WebPage\",\"@id\":\"https:\/\/bluecolombia.co\/blue\/video-comerciales-produccion-audiovisual\/\",\"url\":\"https:\/\/bluecolombia.co\/blue\/video-comerciales-produccion-audiovisual\/\",\"name\":\"Video Comerciales | Comerciales para Televisi\u00f3n | Producci\u00f3n Audiovisual - Agencia de Marketing y Publicidad Blue Design Worldwide Colombia | Agencia de Producci\u00f3n Audiovisual en Medell\u00edn | Comerciales para Televisi\u00f3n y Radio en Colombia | Agencia De Publicidad en Medell\u00edn Colombia\",\"isPartOf\":{\"@id\":\"https:\/\/bluecolombia.co\/blue\/#website\"},\"primaryImageOfPage\":{\"@id\":\"https:\/\/bluecolombia.co\/blue\/video-comerciales-produccion-audiovisual\/#primaryimage\"},\"image\":{\"@id\":\"https:\/\/bluecolombia.co\/blue\/video-comerciales-produccion-audiovisual\/#primaryimage\"},\"thumbnailUrl\":\"https:\/\/bluecolombia.co\/blue\/inclusiones\/uploads\/2015\/02\/shutterstock_128495339.jpg\",\"datePublished\":\"2015-02-10T03:40:10+00:00\",\"dateModified\":\"2018-08-12T21:26:43+00:00\",\"description\":\"Video Comerciales y Producci\u00f3n Audiovisual | Agencia de Marketing y Publicidad Blue Design Worldwide Colombia | Dise\u00f1o Web en Medell\u00edn | Agencias Digitales en Medell\u00edn | P\u00e1ginas Web en Colombia | Estrategias Digitales | Agencia de Marketing Digital en Medell\u00edn | Publicidad Y Marketing Online | Posicionamiento SEO | Posicionamiento en Google | Central de Medios en Colombia | Producci\u00f3n Audiovisual para TV | Agencia De Publicidad en Colombia | Creaci\u00f3n de P\u00e1ginas Web | Dise\u00f1o de P\u00e1ginas Web | Desarrollo Web en Medell\u00edn | Posicionamiento de P\u00e1ginas Web\",\"breadcrumb\":{\"@id\":\"https:\/\/bluecolombia.co\/blue\/video-comerciales-produccion-audiovisual\/#breadcrumb\"},\"inLanguage\":\"es\",\"potentialAction\":[{\"@type\":\"ReadAction\",\"target\":[\"https:\/\/bluecolombia.co\/blue\/video-comerciales-produccion-audiovisual\/\"]}]},{\"@type\":\"ImageObject\",\"inLanguage\":\"es\",\"@id\":\"https:\/\/bluecolombia.co\/blue\/video-comerciales-produccion-audiovisual\/#primaryimage\",\"url\":\"https:\/\/bluecolombia.co\/blue\/inclusiones\/uploads\/2015\/02\/shutterstock_128495339.jpg\",\"contentUrl\":\"https:\/\/bluecolombia.co\/blue\/inclusiones\/uploads\/2015\/02\/shutterstock_128495339.jpg\",\"width\":2048,\"height\":1365},{\"@type\":\"BreadcrumbList\",\"@id\":\"https:\/\/bluecolombia.co\/blue\/video-comerciales-produccion-audiovisual\/#breadcrumb\",\"itemListElement\":[{\"@type\":\"ListItem\",\"position\":1,\"name\":\"Inicio\",\"item\":\"https:\/\/bluecolombia.co\/blue\/\"},{\"@type\":\"ListItem\",\"position\":2,\"name\":\"Comerciales para TV\"}]},{\"@type\":\"WebSite\",\"@id\":\"https:\/\/bluecolombia.co\/blue\/#website\",\"url\":\"https:\/\/bluecolombia.co\/blue\/\",\"name\":\"Agencia de Marketing y Publicidad Blue Design Worldwide Colombia\",\"description\":\"Agencia de Marketing Digital, Dise\u00f1o Web en Medell\u00edn, Estrategias Digitales, Posicionamiento SEO, Marketing, Publicidad, Redes Sociales, Central de Medios y Producci\u00f3n Audiovisual en Colombia.\",\"publisher\":{\"@id\":\"https:\/\/bluecolombia.co\/blue\/#organization\"},\"potentialAction\":[{\"@type\":\"SearchAction\",\"target\":{\"@type\":\"EntryPoint\",\"urlTemplate\":\"https:\/\/bluecolombia.co\/blue\/?s={search_term_string}\"},\"query-input\":{\"@type\":\"PropertyValueSpecification\",\"valueRequired\":true,\"valueName\":\"search_term_string\"}}],\"inLanguage\":\"es\"},{\"@type\":\"Organization\",\"@id\":\"https:\/\/bluecolombia.co\/blue\/#organization\",\"name\":\"Agencia de Marketing y Publicidad Blue Design Worldwide Colombia | Dise\u00f1o Web en Medell\u00edn | Agencias Digitales en Medell\u00edn | P\u00e1ginas Web en Colombia | Estrategias Digitales | Agencia de Marketing Digital en Medell\u00edn | Publicidad Y Marketing Online | Posicionamiento SEO | Posicionamiento en Google | Central de Medios en Colombia | Producci\u00f3n Audiovisual para TV | Agencia De Publicidad en Colombia | Creaci\u00f3n de P\u00e1ginas Web | Dise\u00f1o de P\u00e1ginas Web | Desarrollo Web en Medell\u00edn | Posicionamiento de P\u00e1ginas Web\",\"url\":\"https:\/\/bluecolombia.co\/blue\/\",\"logo\":{\"@type\":\"ImageObject\",\"inLanguage\":\"es\",\"@id\":\"https:\/\/bluecolombia.co\/blue\/#\/schema\/logo\/image\/\",\"url\":\"https:\/\/bluecolombia.co\/blue\/inclusiones\/uploads\/2018\/08\/logo-blue-schema.jpeg\",\"contentUrl\":\"https:\/\/bluecolombia.co\/blue\/inclusiones\/uploads\/2018\/08\/logo-blue-schema.jpeg\",\"width\":608,\"height\":606,\"caption\":\"Agencia de Marketing y Publicidad Blue Design Worldwide Colombia | Dise\u00f1o Web en Medell\u00edn | Agencias Digitales en Medell\u00edn | P\u00e1ginas Web en Colombia | Estrategias Digitales | Agencia de Marketing Digital en Medell\u00edn | Publicidad Y Marketing Online | Posicionamiento SEO | Posicionamiento en Google | Central de Medios en Colombia | Producci\u00f3n Audiovisual para TV | Agencia De Publicidad en Colombia | Creaci\u00f3n de P\u00e1ginas Web | Dise\u00f1o de P\u00e1ginas Web | Desarrollo Web en Medell\u00edn | Posicionamiento de P\u00e1ginas Web\"},\"image\":{\"@id\":\"https:\/\/bluecolombia.co\/blue\/#\/schema\/logo\/image\/\"},\"sameAs\":[\"https:\/\/www.facebook.com\/AgenciaBlueDesignWorldwideColombia\/\",\"https:\/\/x.com\/bluedegcolombia\",\"https:\/\/www.instagram.com\/bluedesignworldwide\/\",\"https:\/\/www.linkedin.com\/company\/agencia-blue-design-worldwide-colombia\/\",\"https:\/\/g.page\/bluedesigncolombia?share\",\"https:\/\/es.pinterest.com\/bluedesigncol\/\",\"https:\/\/www.youtube.com\/user\/bluedesigncolombia\",\"https:\/\/es.wikipedia.org\/wiki\/Archivo:Logo-new.jpg\"]}]}<\/script>\n<!-- \/ Yoast SEO plugin. -->","yoast_head_json":{"title":"Video Comerciales | Comerciales para Televisi\u00f3n | Producci\u00f3n Audiovisual - Agencia de Marketing y Publicidad Blue Design Worldwide Colombia | Agencia de Producci\u00f3n Audiovisual en Medell\u00edn | Comerciales para Televisi\u00f3n y Radio en Colombia | Agencia De Publicidad en Medell\u00edn Colombia","description":"Video Comerciales y Producci\u00f3n Audiovisual | Agencia de Marketing y Publicidad Blue Design Worldwide Colombia | Dise\u00f1o Web en Medell\u00edn | Agencias Digitales en Medell\u00edn | P\u00e1ginas Web en Colombia | Estrategias Digitales | Agencia de Marketing Digital en Medell\u00edn | Publicidad Y Marketing Online | Posicionamiento SEO | Posicionamiento en Google | Central de Medios en Colombia | Producci\u00f3n Audiovisual para TV | Agencia De Publicidad en Colombia | Creaci\u00f3n de P\u00e1ginas Web | Dise\u00f1o de P\u00e1ginas Web | Desarrollo Web en Medell\u00edn | Posicionamiento de P\u00e1ginas Web","robots":{"index":"index","follow":"follow","max-snippet":"max-snippet:-1","max-image-preview":"max-image-preview:large","max-video-preview":"max-video-preview:-1"},"canonical":"https:\/\/bluecolombia.co\/blue\/video-comerciales-produccion-audiovisual\/","og_locale":"es_ES","og_type":"article","og_title":"Video Comerciales y Producci\u00f3n Audiovisual | Agencia de Marketing y Publicidad Blue Design Worldwide Colombia","og_description":"Video Comerciales y Producci\u00f3n Audiovisual | Agencia de Marketing y Publicidad Blue Design Worldwide Colombia","og_url":"https:\/\/bluecolombia.co\/blue\/video-comerciales-produccion-audiovisual\/","og_site_name":"Agencia de Marketing y Publicidad Blue Design Worldwide Colombia","article_publisher":"https:\/\/www.facebook.com\/AgenciaBlueDesignWorldwideColombia\/","article_modified_time":"2018-08-12T21:26:43+00:00","og_image":[{"width":2048,"height":1365,"url":"https:\/\/bluecolombia.co\/blue\/inclusiones\/uploads\/2015\/02\/shutterstock_128495339.jpg","type":"image\/jpeg"}],"twitter_card":"summary_large_image","twitter_title":"Video Comerciales y Producci\u00f3n Audiovisual | Agencia de Marketing y Publicidad Blue Design Worldwide Colombia","twitter_description":"Video Comerciales y Producci\u00f3n Audiovisual | Agencia de Marketing y Publicidad Blue Design Worldwide Colombia","twitter_image":"http:\/\/bluecolombia.co\/blue\/inclusiones\/uploads\/2015\/02\/shutterstock_128495339.jpg","twitter_site":"@bluedegcolombia","twitter_misc":{"Tiempo de lectura":"2 minutos"},"schema":{"@context":"https:\/\/schema.org","@graph":[{"@type":"WebPage","@id":"https:\/\/bluecolombia.co\/blue\/video-comerciales-produccion-audiovisual\/","url":"https:\/\/bluecolombia.co\/blue\/video-comerciales-produccion-audiovisual\/","name":"Video Comerciales | Comerciales para Televisi\u00f3n | Producci\u00f3n Audiovisual - Agencia de Marketing y Publicidad Blue Design Worldwide Colombia | Agencia de Producci\u00f3n Audiovisual en Medell\u00edn | Comerciales para Televisi\u00f3n y Radio en Colombia | Agencia De Publicidad en Medell\u00edn Colombia","isPartOf":{"@id":"https:\/\/bluecolombia.co\/blue\/#website"},"primaryImageOfPage":{"@id":"https:\/\/bluecolombia.co\/blue\/video-comerciales-produccion-audiovisual\/#primaryimage"},"image":{"@id":"https:\/\/bluecolombia.co\/blue\/video-comerciales-produccion-audiovisual\/#primaryimage"},"thumbnailUrl":"https:\/\/bluecolombia.co\/blue\/inclusiones\/uploads\/2015\/02\/shutterstock_128495339.jpg","datePublished":"2015-02-10T03:40:10+00:00","dateModified":"2018-08-12T21:26:43+00:00","description":"Video Comerciales y Producci\u00f3n Audiovisual | Agencia de Marketing y Publicidad Blue Design Worldwide Colombia | Dise\u00f1o Web en Medell\u00edn | Agencias Digitales en Medell\u00edn | P\u00e1ginas Web en Colombia | Estrategias Digitales | Agencia de Marketing Digital en Medell\u00edn | Publicidad Y Marketing Online | Posicionamiento SEO | Posicionamiento en Google | Central de Medios en Colombia | Producci\u00f3n Audiovisual para TV | Agencia De Publicidad en Colombia | Creaci\u00f3n de P\u00e1ginas Web | Dise\u00f1o de P\u00e1ginas Web | Desarrollo Web en Medell\u00edn | Posicionamiento de P\u00e1ginas Web","breadcrumb":{"@id":"https:\/\/bluecolombia.co\/blue\/video-comerciales-produccion-audiovisual\/#breadcrumb"},"inLanguage":"es","potentialAction":[{"@type":"ReadAction","target":["https:\/\/bluecolombia.co\/blue\/video-comerciales-produccion-audiovisual\/"]}]},{"@type":"ImageObject","inLanguage":"es","@id":"https:\/\/bluecolombia.co\/blue\/video-comerciales-produccion-audiovisual\/#primaryimage","url":"https:\/\/bluecolombia.co\/blue\/inclusiones\/uploads\/2015\/02\/shutterstock_128495339.jpg","contentUrl":"https:\/\/bluecolombia.co\/blue\/inclusiones\/uploads\/2015\/02\/shutterstock_128495339.jpg","width":2048,"height":1365},{"@type":"BreadcrumbList","@id":"https:\/\/bluecolombia.co\/blue\/video-comerciales-produccion-audiovisual\/#breadcrumb","itemListElement":[{"@type":"ListItem","position":1,"name":"Inicio","item":"https:\/\/bluecolombia.co\/blue\/"},{"@type":"ListItem","position":2,"name":"Comerciales para TV"}]},{"@type":"WebSite","@id":"https:\/\/bluecolombia.co\/blue\/#website","url":"https:\/\/bluecolombia.co\/blue\/","name":"Agencia de Marketing y Publicidad Blue Design Worldwide Colombia","description":"Agencia de Marketing Digital, Dise\u00f1o Web en Medell\u00edn, Estrategias Digitales, Posicionamiento SEO, Marketing, Publicidad, Redes Sociales, Central de Medios y Producci\u00f3n Audiovisual en Colombia.","publisher":{"@id":"https:\/\/bluecolombia.co\/blue\/#organization"},"potentialAction":[{"@type":"SearchAction","target":{"@type":"EntryPoint","urlTemplate":"https:\/\/bluecolombia.co\/blue\/?s={search_term_string}"},"query-input":{"@type":"PropertyValueSpecification","valueRequired":true,"valueName":"search_term_string"}}],"inLanguage":"es"},{"@type":"Organization","@id":"https:\/\/bluecolombia.co\/blue\/#organization","name":"Agencia de Marketing y Publicidad Blue Design Worldwide Colombia | Dise\u00f1o Web en Medell\u00edn | Agencias Digitales en Medell\u00edn | P\u00e1ginas Web en Colombia | Estrategias Digitales | Agencia de Marketing Digital en Medell\u00edn | Publicidad Y Marketing Online | Posicionamiento SEO | Posicionamiento en Google | Central de Medios en Colombia | Producci\u00f3n Audiovisual para TV | Agencia De Publicidad en Colombia | Creaci\u00f3n de P\u00e1ginas Web | Dise\u00f1o de P\u00e1ginas Web | Desarrollo Web en Medell\u00edn | Posicionamiento de P\u00e1ginas Web","url":"https:\/\/bluecolombia.co\/blue\/","logo":{"@type":"ImageObject","inLanguage":"es","@id":"https:\/\/bluecolombia.co\/blue\/#\/schema\/logo\/image\/","url":"https:\/\/bluecolombia.co\/blue\/inclusiones\/uploads\/2018\/08\/logo-blue-schema.jpeg","contentUrl":"https:\/\/bluecolombia.co\/blue\/inclusiones\/uploads\/2018\/08\/logo-blue-schema.jpeg","width":608,"height":606,"caption":"Agencia de Marketing y Publicidad Blue Design Worldwide Colombia | Dise\u00f1o Web en Medell\u00edn | Agencias Digitales en Medell\u00edn | P\u00e1ginas Web en Colombia | Estrategias Digitales | Agencia de Marketing Digital en Medell\u00edn | Publicidad Y Marketing Online | Posicionamiento SEO | Posicionamiento en Google | Central de Medios en Colombia | Producci\u00f3n Audiovisual para TV | Agencia De Publicidad en Colombia | Creaci\u00f3n de P\u00e1ginas Web | Dise\u00f1o de P\u00e1ginas Web | Desarrollo Web en Medell\u00edn | Posicionamiento de P\u00e1ginas Web"},"image":{"@id":"https:\/\/bluecolombia.co\/blue\/#\/schema\/logo\/image\/"},"sameAs":["https:\/\/www.facebook.com\/AgenciaBlueDesignWorldwideColombia\/","https:\/\/x.com\/bluedegcolombia","https:\/\/www.instagram.com\/bluedesignworldwide\/","https:\/\/www.linkedin.com\/company\/agencia-blue-design-worldwide-colombia\/","https:\/\/g.page\/bluedesigncolombia?share","https:\/\/es.pinterest.com\/bluedesigncol\/","https:\/\/www.youtube.com\/user\/bluedesigncolombia","https:\/\/es.wikipedia.org\/wiki\/Archivo:Logo-new.jpg"]}]}},"_links":{"self":[{"href":"https:\/\/bluecolombia.co\/blue\/wp-json\/wp\/v2\/pages\/644","targetHints":{"allow":["GET"]}}],"collection":[{"href":"https:\/\/bluecolombia.co\/blue\/wp-json\/wp\/v2\/pages"}],"about":[{"href":"https:\/\/bluecolombia.co\/blue\/wp-json\/wp\/v2\/types\/page"}],"author":[{"embeddable":true,"href":"https:\/\/bluecolombia.co\/blue\/wp-json\/wp\/v2\/users\/1"}],"replies":[{"embeddable":true,"href":"https:\/\/bluecolombia.co\/blue\/wp-json\/wp\/v2\/comments?post=644"}],"version-history":[{"count":7,"href":"https:\/\/bluecolombia.co\/blue\/wp-json\/wp\/v2\/pages\/644\/revisions"}],"predecessor-version":[{"id":1659,"href":"https:\/\/bluecolombia.co\/blue\/wp-json\/wp\/v2\/pages\/644\/revisions\/1659"}],"wp:featuredmedia":[{"embeddable":true,"href":"https:\/\/bluecolombia.co\/blue\/wp-json\/wp\/v2\/media\/867"}],"wp:attachment":[{"href":"https:\/\/bluecolombia.co\/blue\/wp-json\/wp\/v2\/media?parent=644"}],"curies":[{"name":"wp","href":"https:\/\/api.w.org\/{rel}","templated":true}]}}