{"id":695,"date":"2015-02-09T22:49:48","date_gmt":"2015-02-10T03:49:48","guid":{"rendered":"http:\/\/bluecolombia.co\/blue\/?page_id=695"},"modified":"2018-08-12T15:32:43","modified_gmt":"2018-08-12T20:32:43","slug":"diseno-de-paginas-web","status":"publish","type":"page","link":"https:\/\/bluecolombia.co\/blue\/diseno-de-paginas-web\/","title":{"rendered":"Dise\u00f1o Web en Medell\u00edn"},"content":{"rendered":"<p style=\"text-align: justify;\"><span style=\"font-weight: 400;\">Nuestro constante flujo de clientes ha llevado a expandir nuestros servicios de agencia web a diferentes ciudades de Colombia haciendo que nuestros servicios de marketing sean m\u00e1s efectivos y con tiempos de respuesta m\u00e1s \u00f3ptimos y con mayor influencia. Ofrecemos a nuestros clientes: <strong>Dise\u00f1o de p\u00e1ginas web, Desarrollo Web a a medida, Posicionamiento en Google, Optimizaci\u00f3n de sitios web, Publicidad en Facebook, Activaci\u00f3n de redes sociales, Tiendas virtuales, Animaci\u00f3n 3D y Render Arquitect\u00f3nico, Multimedia y Rich Media (Dise\u00f1o de Planes de Medios)<\/strong>.<\/span><\/p>\n<p style=\"text-align: justify;\"><span style=\"font-weight: 400;\"><strong>Nuestro dise\u00f1o de p\u00e1ginas web combina diversas aplicaciones y motores de tecnolog\u00eda<\/strong> especial como sistemas de pagos online: Paypal, Interpagos, Pagos-Online, Google Checkout, entre otros; Carritos de compras, desarrollo de bases de datos en MySQL y SQL Server. Dise\u00f1o de administradores de contenidos como Joomla, WordPress, DotNetNuke, Moodle, Magento, PHP, Ruby OnRails y ASPX . NET, entre otros. Puede contactarnos en Medell\u00edn, Bogot\u00e1, Cali, Barranquilla, Cartagena, Ibagu\u00e9, Santa Marta, Pereira, Villavicencio, Manizales y Neiva. \u00a1Con gusto le atenderemos!<\/span><\/p>\n<p style=\"text-align: center;\"><a class=\"btn btn-lg btn-default\" href=\"http:\/\/bluecolombia.co\/blue\/portafolio\/\" title=\"Ver portafolio\" target=\"\">Mira nuestro portafolio<\/a>\n<p style=\"text-align: justify;\"><span style=\"font-weight: 400;\">Blue Design worldwide Colombia es una agencia que comercializa <strong>dise\u00f1o web en Medell\u00edn<\/strong>, igualmente, <strong>dise\u00f1o web en Colombia<\/strong>. Para nuestra marca es importante que sus clientes tengan un excelente posicionamiento web ya que es nuestra carta de presentaci\u00f3n cuando se habla de SEO en Colombia. El dise\u00f1o de p\u00e1ginas web en Medell\u00edn es una tarea que a diario demanda mayor calidad en el desarrollo de p\u00e1ginas de web con finales comerciales. <strong>Blue Design es una de las mejores empresas de dise\u00f1o web en colombia<\/strong> en todo tipo de formatos: Dise\u00f1o Web en HTML5, CSS, jQuery y PHP. Todos los clientes de Blue Design exigen los mejores dise\u00f1os web de Colombia por lo cual contamos con los mejores dise\u00f1adores web de la ciudad con un estilo \u00fanico e inigualable. En Blue Design, crear una pagina web requiere del empe\u00f1o y entrega de todos sus publicistas, dise\u00f1adores, ejecutivos y del mismo cliente. El Dise\u00f1o web freelancer se basa en plantillas web, por lo cu\u00e1l nuestros desarrollos web se diferencian en originalidad.<\/span><\/p>\n<p style=\"text-align: center;\"><a class=\"btn btn-lg btn-default\" href=\"http:\/\/bluecolombia.co\/blue\/contacto\/\" title=\"Solicita una cotizaci\u00f3n\" target=\"\">Solicita una cotizaci\u00f3n<\/a>\n<p style=\"text-align: justify;\"><span style=\"font-weight: 400;\">Blue Design Colombia realiza dise\u00f1o web online para diferentes ciudades como: dise\u00f1o web en Medellin, dise\u00f1o web en Cali, dise\u00f1o web en Bogot\u00e1, dise\u00f1o web en Bucaramanga, dise\u00f1o web en Cartagena y dise\u00f1o web en Pereira. <strong>Acciones de marketing digital<\/strong> c\u00f3mo crear una p\u00e1gina web hacen vital el uso de desarrollo de software, por ello somos expertos en los mejores dise\u00f1adores web. <strong>El dise\u00f1o gr\u00e1fico es uno de los elementos m\u00e1s importantes en la calidad de nuestro trabajo digital<\/strong>. Las p\u00e1ginas web m\u00e1s creativas llevan el sello de la agencia Blue Design Colombia.<\/span><\/p>\n<p style=\"text-align: justify;\"><span style=\"font-weight: 400;\"><strong>Somos creadores de p\u00e1ginas web y portales interactivos<\/strong>. El costo de una p\u00e1gina web con Blue Design puede variar de acuerdo a las necesidades del usuario. La usabilidad (UX) y conversi\u00f3n de nuestros websites corporativos son de alta calidad desde su estructura hasta su lanzamiento en publicidad Rich Media en Colombia.<\/span><\/p>\n<p style=\"text-align: center;\"><a class=\"btn btn-lg btn-primary\" href=\"http:\/\/bluecolombia.co\/blue\/contacto\/\" title=\"Cu\u00e9ntanos tu proyecto\" target=\"\">Cu\u00e9ntanos tu proyecto<\/a>\n","protected":false},"excerpt":{"rendered":"<p>Nuestro constante flujo de clientes ha llevado a expandir nuestros servicios de agencia web a diferentes ciudades de Colombia haciendo que nuestros servicios de marketing sean m\u00e1s efectivos y con &#8230;<\/p>\n","protected":false},"author":1,"featured_media":860,"parent":0,"menu_order":0,"comment_status":"closed","ping_status":"open","template":"","meta":{"footnotes":""},"class_list":["post-695","page","type-page","status-publish","has-post-thumbnail","hentry"],"yoast_head":"<!-- This site is optimized with the Yoast SEO plugin v25.0 - https:\/\/yoast.com\/wordpress\/plugins\/seo\/ -->\n<title>Dise\u00f1o Web en Medell\u00edn - Agencia de Marketing y Publicidad Blue Design Worldwide Colombia | Dise\u00f1o Web en Medell\u00edn | Creaci\u00f3n de P\u00e1ginas Web en Colombia | Empresas de P\u00e1ginas Web | Empresas de Dise\u00f1o Web en Medell\u00edn | Posicionamiento SEO en Colombia<\/title>\n<meta name=\"description\" content=\"Agencia de Dise\u00f1o Web en Colombia | Agencia de Marketing y Publicidad Blue Design Worldwide Colombia | Dise\u00f1o Web en Medell\u00edn | Agencias Digitales en Medell\u00edn | P\u00e1ginas Web en Colombia | Estrategias Digitales | Agencia de Marketing Digital en Medell\u00edn | Publicidad Y Marketing Online | Posicionamiento SEO | Posicionamiento en Google | Central de Medios en Colombia | Producci\u00f3n Audiovisual para TV | Agencia De Publicidad en Colombia | Creaci\u00f3n de P\u00e1ginas Web | Dise\u00f1o de P\u00e1ginas Web | Desarrollo Web en Medell\u00edn | Posicionamiento de P\u00e1ginas Web\" \/>\n<meta name=\"robots\" content=\"index, follow, max-snippet:-1, max-image-preview:large, max-video-preview:-1\" \/>\n<link rel=\"canonical\" href=\"https:\/\/bluecolombia.co\/blue\/diseno-de-paginas-web\/\" \/>\n<meta property=\"og:locale\" content=\"es_ES\" \/>\n<meta property=\"og:type\" content=\"article\" \/>\n<meta property=\"og:title\" content=\"Agencia de Dise\u00f1o Web en Colombia | Agencia de Marketing y Publicidad Blue Design Worldwide Colombia\" \/>\n<meta property=\"og:description\" content=\"Agencia de Dise\u00f1o Web en Colombia | Agencia de Marketing y Publicidad Blue Design Worldwide Colombia\" \/>\n<meta property=\"og:url\" content=\"https:\/\/bluecolombia.co\/blue\/diseno-de-paginas-web\/\" \/>\n<meta property=\"og:site_name\" content=\"Agencia de Marketing y Publicidad Blue Design Worldwide Colombia\" \/>\n<meta property=\"article:publisher\" content=\"https:\/\/www.facebook.com\/AgenciaBlueDesignWorldwideColombia\/\" \/>\n<meta property=\"article:modified_time\" content=\"2018-08-12T20:32:43+00:00\" \/>\n<meta property=\"og:image\" content=\"https:\/\/bluecolombia.co\/blue\/inclusiones\/uploads\/2015\/02\/shutterstock_223243018.jpg\" \/>\n\t<meta property=\"og:image:width\" content=\"2048\" \/>\n\t<meta property=\"og:image:height\" content=\"1431\" \/>\n\t<meta property=\"og:image:type\" content=\"image\/jpeg\" \/>\n<meta name=\"twitter:card\" content=\"summary_large_image\" \/>\n<meta name=\"twitter:title\" content=\"Agencia de Dise\u00f1o Web en Colombia | Agencia de Marketing y Publicidad Blue Design Worldwide Colombia\" \/>\n<meta name=\"twitter:description\" content=\"Agencia de Dise\u00f1o Web en Colombia | Agencia de Marketing y Publicidad Blue Design Worldwide Colombia\" \/>\n<meta name=\"twitter:image\" content=\"http:\/\/bluecolombia.co\/blue\/inclusiones\/uploads\/2015\/02\/shutterstock_223243018.jpg\" \/>\n<meta name=\"twitter:site\" content=\"@bluedegcolombia\" \/>\n<meta name=\"twitter:label1\" content=\"Tiempo de lectura\" \/>\n\t<meta name=\"twitter:data1\" content=\"3 minutos\" \/>\n<script type=\"application\/ld+json\" class=\"yoast-schema-graph\">{\"@context\":\"https:\/\/schema.org\",\"@graph\":[{\"@type\":\"WebPage\",\"@id\":\"https:\/\/bluecolombia.co\/blue\/diseno-de-paginas-web\/\",\"url\":\"https:\/\/bluecolombia.co\/blue\/diseno-de-paginas-web\/\",\"name\":\"Dise\u00f1o Web en Medell\u00edn - Agencia de Marketing y Publicidad Blue Design Worldwide Colombia | Dise\u00f1o Web en Medell\u00edn | Creaci\u00f3n de P\u00e1ginas Web en Colombia | Empresas de P\u00e1ginas Web | Empresas de Dise\u00f1o Web en Medell\u00edn | Posicionamiento SEO en Colombia\",\"isPartOf\":{\"@id\":\"https:\/\/bluecolombia.co\/blue\/#website\"},\"primaryImageOfPage\":{\"@id\":\"https:\/\/bluecolombia.co\/blue\/diseno-de-paginas-web\/#primaryimage\"},\"image\":{\"@id\":\"https:\/\/bluecolombia.co\/blue\/diseno-de-paginas-web\/#primaryimage\"},\"thumbnailUrl\":\"https:\/\/bluecolombia.co\/blue\/inclusiones\/uploads\/2015\/02\/shutterstock_223243018.jpg\",\"datePublished\":\"2015-02-10T03:49:48+00:00\",\"dateModified\":\"2018-08-12T20:32:43+00:00\",\"description\":\"Agencia de Dise\u00f1o Web en Colombia | Agencia de Marketing y Publicidad Blue Design Worldwide Colombia | Dise\u00f1o Web en Medell\u00edn | Agencias Digitales en Medell\u00edn | P\u00e1ginas Web en Colombia | Estrategias Digitales | Agencia de Marketing Digital en Medell\u00edn | Publicidad Y Marketing Online | Posicionamiento SEO | Posicionamiento en Google | Central de Medios en Colombia | Producci\u00f3n Audiovisual para TV | Agencia De Publicidad en Colombia | Creaci\u00f3n de P\u00e1ginas Web | Dise\u00f1o de P\u00e1ginas Web | Desarrollo Web en Medell\u00edn | Posicionamiento de P\u00e1ginas Web\",\"breadcrumb\":{\"@id\":\"https:\/\/bluecolombia.co\/blue\/diseno-de-paginas-web\/#breadcrumb\"},\"inLanguage\":\"es\",\"potentialAction\":[{\"@type\":\"ReadAction\",\"target\":[\"https:\/\/bluecolombia.co\/blue\/diseno-de-paginas-web\/\"]}]},{\"@type\":\"ImageObject\",\"inLanguage\":\"es\",\"@id\":\"https:\/\/bluecolombia.co\/blue\/diseno-de-paginas-web\/#primaryimage\",\"url\":\"https:\/\/bluecolombia.co\/blue\/inclusiones\/uploads\/2015\/02\/shutterstock_223243018.jpg\",\"contentUrl\":\"https:\/\/bluecolombia.co\/blue\/inclusiones\/uploads\/2015\/02\/shutterstock_223243018.jpg\",\"width\":2048,\"height\":1431},{\"@type\":\"BreadcrumbList\",\"@id\":\"https:\/\/bluecolombia.co\/blue\/diseno-de-paginas-web\/#breadcrumb\",\"itemListElement\":[{\"@type\":\"ListItem\",\"position\":1,\"name\":\"Inicio\",\"item\":\"https:\/\/bluecolombia.co\/blue\/\"},{\"@type\":\"ListItem\",\"position\":2,\"name\":\"Dise\u00f1o Web Medell\u00edn\"}]},{\"@type\":\"WebSite\",\"@id\":\"https:\/\/bluecolombia.co\/blue\/#website\",\"url\":\"https:\/\/bluecolombia.co\/blue\/\",\"name\":\"Agencia de Marketing y Publicidad Blue Design Worldwide Colombia\",\"description\":\"Agencia de Marketing Digital, Dise\u00f1o Web en Medell\u00edn, Estrategias Digitales, Posicionamiento SEO, Marketing, Publicidad, Redes Sociales, Central de Medios y Producci\u00f3n Audiovisual en Colombia.\",\"publisher\":{\"@id\":\"https:\/\/bluecolombia.co\/blue\/#organization\"},\"potentialAction\":[{\"@type\":\"SearchAction\",\"target\":{\"@type\":\"EntryPoint\",\"urlTemplate\":\"https:\/\/bluecolombia.co\/blue\/?s={search_term_string}\"},\"query-input\":{\"@type\":\"PropertyValueSpecification\",\"valueRequired\":true,\"valueName\":\"search_term_string\"}}],\"inLanguage\":\"es\"},{\"@type\":\"Organization\",\"@id\":\"https:\/\/bluecolombia.co\/blue\/#organization\",\"name\":\"Agencia de Marketing y Publicidad Blue Design Worldwide Colombia | Dise\u00f1o Web en Medell\u00edn | Agencias Digitales en Medell\u00edn | P\u00e1ginas Web en Colombia | Estrategias Digitales | Agencia de Marketing Digital en Medell\u00edn | Publicidad Y Marketing Online | Posicionamiento SEO | Posicionamiento en Google | Central de Medios en Colombia | Producci\u00f3n Audiovisual para TV | Agencia De Publicidad en Colombia | Creaci\u00f3n de P\u00e1ginas Web | Dise\u00f1o de P\u00e1ginas Web | Desarrollo Web en Medell\u00edn | Posicionamiento de P\u00e1ginas Web\",\"url\":\"https:\/\/bluecolombia.co\/blue\/\",\"logo\":{\"@type\":\"ImageObject\",\"inLanguage\":\"es\",\"@id\":\"https:\/\/bluecolombia.co\/blue\/#\/schema\/logo\/image\/\",\"url\":\"https:\/\/bluecolombia.co\/blue\/inclusiones\/uploads\/2018\/08\/logo-blue-schema.jpeg\",\"contentUrl\":\"https:\/\/bluecolombia.co\/blue\/inclusiones\/uploads\/2018\/08\/logo-blue-schema.jpeg\",\"width\":608,\"height\":606,\"caption\":\"Agencia de Marketing y Publicidad Blue Design Worldwide Colombia | Dise\u00f1o Web en Medell\u00edn | Agencias Digitales en Medell\u00edn | P\u00e1ginas Web en Colombia | Estrategias Digitales | Agencia de Marketing Digital en Medell\u00edn | Publicidad Y Marketing Online | Posicionamiento SEO | Posicionamiento en Google | Central de Medios en Colombia | Producci\u00f3n Audiovisual para TV | Agencia De Publicidad en Colombia | Creaci\u00f3n de P\u00e1ginas Web | Dise\u00f1o de P\u00e1ginas Web | Desarrollo Web en Medell\u00edn | Posicionamiento de P\u00e1ginas Web\"},\"image\":{\"@id\":\"https:\/\/bluecolombia.co\/blue\/#\/schema\/logo\/image\/\"},\"sameAs\":[\"https:\/\/www.facebook.com\/AgenciaBlueDesignWorldwideColombia\/\",\"https:\/\/x.com\/bluedegcolombia\",\"https:\/\/www.instagram.com\/bluedesignworldwide\/\",\"https:\/\/www.linkedin.com\/company\/agencia-blue-design-worldwide-colombia\/\",\"https:\/\/g.page\/bluedesigncolombia?share\",\"https:\/\/es.pinterest.com\/bluedesigncol\/\",\"https:\/\/www.youtube.com\/user\/bluedesigncolombia\",\"https:\/\/es.wikipedia.org\/wiki\/Archivo:Logo-new.jpg\"]}]}<\/script>\n<!-- \/ Yoast SEO plugin. -->","yoast_head_json":{"title":"Dise\u00f1o Web en Medell\u00edn - Agencia de Marketing y Publicidad Blue Design Worldwide Colombia | Dise\u00f1o Web en Medell\u00edn | Creaci\u00f3n de P\u00e1ginas Web en Colombia | Empresas de P\u00e1ginas Web | Empresas de Dise\u00f1o Web en Medell\u00edn | Posicionamiento SEO en Colombia","description":"Agencia de Dise\u00f1o Web en Colombia | Agencia de Marketing y Publicidad Blue Design Worldwide Colombia | Dise\u00f1o Web en Medell\u00edn | Agencias Digitales en Medell\u00edn | P\u00e1ginas Web en Colombia | Estrategias Digitales | Agencia de Marketing Digital en Medell\u00edn | Publicidad Y Marketing Online | Posicionamiento SEO | Posicionamiento en Google | Central de Medios en Colombia | Producci\u00f3n Audiovisual para TV | Agencia De Publicidad en Colombia | Creaci\u00f3n de P\u00e1ginas Web | Dise\u00f1o de P\u00e1ginas Web | Desarrollo Web en Medell\u00edn | Posicionamiento de P\u00e1ginas Web","robots":{"index":"index","follow":"follow","max-snippet":"max-snippet:-1","max-image-preview":"max-image-preview:large","max-video-preview":"max-video-preview:-1"},"canonical":"https:\/\/bluecolombia.co\/blue\/diseno-de-paginas-web\/","og_locale":"es_ES","og_type":"article","og_title":"Agencia de Dise\u00f1o Web en Colombia | Agencia de Marketing y Publicidad Blue Design Worldwide Colombia","og_description":"Agencia de Dise\u00f1o Web en Colombia | Agencia de Marketing y Publicidad Blue Design Worldwide Colombia","og_url":"https:\/\/bluecolombia.co\/blue\/diseno-de-paginas-web\/","og_site_name":"Agencia de Marketing y Publicidad Blue Design Worldwide Colombia","article_publisher":"https:\/\/www.facebook.com\/AgenciaBlueDesignWorldwideColombia\/","article_modified_time":"2018-08-12T20:32:43+00:00","og_image":[{"width":2048,"height":1431,"url":"https:\/\/bluecolombia.co\/blue\/inclusiones\/uploads\/2015\/02\/shutterstock_223243018.jpg","type":"image\/jpeg"}],"twitter_card":"summary_large_image","twitter_title":"Agencia de Dise\u00f1o Web en Colombia | Agencia de Marketing y Publicidad Blue Design Worldwide Colombia","twitter_description":"Agencia de Dise\u00f1o Web en Colombia | Agencia de Marketing y Publicidad Blue Design Worldwide Colombia","twitter_image":"http:\/\/bluecolombia.co\/blue\/inclusiones\/uploads\/2015\/02\/shutterstock_223243018.jpg","twitter_site":"@bluedegcolombia","twitter_misc":{"Tiempo de lectura":"3 minutos"},"schema":{"@context":"https:\/\/schema.org","@graph":[{"@type":"WebPage","@id":"https:\/\/bluecolombia.co\/blue\/diseno-de-paginas-web\/","url":"https:\/\/bluecolombia.co\/blue\/diseno-de-paginas-web\/","name":"Dise\u00f1o Web en Medell\u00edn - Agencia de Marketing y Publicidad Blue Design Worldwide Colombia | Dise\u00f1o Web en Medell\u00edn | Creaci\u00f3n de P\u00e1ginas Web en Colombia | Empresas de P\u00e1ginas Web | Empresas de Dise\u00f1o Web en Medell\u00edn | Posicionamiento SEO en Colombia","isPartOf":{"@id":"https:\/\/bluecolombia.co\/blue\/#website"},"primaryImageOfPage":{"@id":"https:\/\/bluecolombia.co\/blue\/diseno-de-paginas-web\/#primaryimage"},"image":{"@id":"https:\/\/bluecolombia.co\/blue\/diseno-de-paginas-web\/#primaryimage"},"thumbnailUrl":"https:\/\/bluecolombia.co\/blue\/inclusiones\/uploads\/2015\/02\/shutterstock_223243018.jpg","datePublished":"2015-02-10T03:49:48+00:00","dateModified":"2018-08-12T20:32:43+00:00","description":"Agencia de Dise\u00f1o Web en Colombia | Agencia de Marketing y Publicidad Blue Design Worldwide Colombia | Dise\u00f1o Web en Medell\u00edn | Agencias Digitales en Medell\u00edn | P\u00e1ginas Web en Colombia | Estrategias Digitales | Agencia de Marketing Digital en Medell\u00edn | Publicidad Y Marketing Online | Posicionamiento SEO | Posicionamiento en Google | Central de Medios en Colombia | Producci\u00f3n Audiovisual para TV | Agencia De Publicidad en Colombia | Creaci\u00f3n de P\u00e1ginas Web | Dise\u00f1o de P\u00e1ginas Web | Desarrollo Web en Medell\u00edn | Posicionamiento de P\u00e1ginas Web","breadcrumb":{"@id":"https:\/\/bluecolombia.co\/blue\/diseno-de-paginas-web\/#breadcrumb"},"inLanguage":"es","potentialAction":[{"@type":"ReadAction","target":["https:\/\/bluecolombia.co\/blue\/diseno-de-paginas-web\/"]}]},{"@type":"ImageObject","inLanguage":"es","@id":"https:\/\/bluecolombia.co\/blue\/diseno-de-paginas-web\/#primaryimage","url":"https:\/\/bluecolombia.co\/blue\/inclusiones\/uploads\/2015\/02\/shutterstock_223243018.jpg","contentUrl":"https:\/\/bluecolombia.co\/blue\/inclusiones\/uploads\/2015\/02\/shutterstock_223243018.jpg","width":2048,"height":1431},{"@type":"BreadcrumbList","@id":"https:\/\/bluecolombia.co\/blue\/diseno-de-paginas-web\/#breadcrumb","itemListElement":[{"@type":"ListItem","position":1,"name":"Inicio","item":"https:\/\/bluecolombia.co\/blue\/"},{"@type":"ListItem","position":2,"name":"Dise\u00f1o Web Medell\u00edn"}]},{"@type":"WebSite","@id":"https:\/\/bluecolombia.co\/blue\/#website","url":"https:\/\/bluecolombia.co\/blue\/","name":"Agencia de Marketing y Publicidad Blue Design Worldwide Colombia","description":"Agencia de Marketing Digital, Dise\u00f1o Web en Medell\u00edn, Estrategias Digitales, Posicionamiento SEO, Marketing, Publicidad, Redes Sociales, Central de Medios y Producci\u00f3n Audiovisual en Colombia.","publisher":{"@id":"https:\/\/bluecolombia.co\/blue\/#organization"},"potentialAction":[{"@type":"SearchAction","target":{"@type":"EntryPoint","urlTemplate":"https:\/\/bluecolombia.co\/blue\/?s={search_term_string}"},"query-input":{"@type":"PropertyValueSpecification","valueRequired":true,"valueName":"search_term_string"}}],"inLanguage":"es"},{"@type":"Organization","@id":"https:\/\/bluecolombia.co\/blue\/#organization","name":"Agencia de Marketing y Publicidad Blue Design Worldwide Colombia | Dise\u00f1o Web en Medell\u00edn | Agencias Digitales en Medell\u00edn | P\u00e1ginas Web en Colombia | Estrategias Digitales | Agencia de Marketing Digital en Medell\u00edn | Publicidad Y Marketing Online | Posicionamiento SEO | Posicionamiento en Google | Central de Medios en Colombia | Producci\u00f3n Audiovisual para TV | Agencia De Publicidad en Colombia | Creaci\u00f3n de P\u00e1ginas Web | Dise\u00f1o de P\u00e1ginas Web | Desarrollo Web en Medell\u00edn | Posicionamiento de P\u00e1ginas Web","url":"https:\/\/bluecolombia.co\/blue\/","logo":{"@type":"ImageObject","inLanguage":"es","@id":"https:\/\/bluecolombia.co\/blue\/#\/schema\/logo\/image\/","url":"https:\/\/bluecolombia.co\/blue\/inclusiones\/uploads\/2018\/08\/logo-blue-schema.jpeg","contentUrl":"https:\/\/bluecolombia.co\/blue\/inclusiones\/uploads\/2018\/08\/logo-blue-schema.jpeg","width":608,"height":606,"caption":"Agencia de Marketing y Publicidad Blue Design Worldwide Colombia | Dise\u00f1o Web en Medell\u00edn | Agencias Digitales en Medell\u00edn | P\u00e1ginas Web en Colombia | Estrategias Digitales | Agencia de Marketing Digital en Medell\u00edn | Publicidad Y Marketing Online | Posicionamiento SEO | Posicionamiento en Google | Central de Medios en Colombia | Producci\u00f3n Audiovisual para TV | Agencia De Publicidad en Colombia | Creaci\u00f3n de P\u00e1ginas Web | Dise\u00f1o de P\u00e1ginas Web | Desarrollo Web en Medell\u00edn | Posicionamiento de P\u00e1ginas Web"},"image":{"@id":"https:\/\/bluecolombia.co\/blue\/#\/schema\/logo\/image\/"},"sameAs":["https:\/\/www.facebook.com\/AgenciaBlueDesignWorldwideColombia\/","https:\/\/x.com\/bluedegcolombia","https:\/\/www.instagram.com\/bluedesignworldwide\/","https:\/\/www.linkedin.com\/company\/agencia-blue-design-worldwide-colombia\/","https:\/\/g.page\/bluedesigncolombia?share","https:\/\/es.pinterest.com\/bluedesigncol\/","https:\/\/www.youtube.com\/user\/bluedesigncolombia","https:\/\/es.wikipedia.org\/wiki\/Archivo:Logo-new.jpg"]}]}},"_links":{"self":[{"href":"https:\/\/bluecolombia.co\/blue\/wp-json\/wp\/v2\/pages\/695","targetHints":{"allow":["GET"]}}],"collection":[{"href":"https:\/\/bluecolombia.co\/blue\/wp-json\/wp\/v2\/pages"}],"about":[{"href":"https:\/\/bluecolombia.co\/blue\/wp-json\/wp\/v2\/types\/page"}],"author":[{"embeddable":true,"href":"https:\/\/bluecolombia.co\/blue\/wp-json\/wp\/v2\/users\/1"}],"replies":[{"embeddable":true,"href":"https:\/\/bluecolombia.co\/blue\/wp-json\/wp\/v2\/comments?post=695"}],"version-history":[{"count":10,"href":"https:\/\/bluecolombia.co\/blue\/wp-json\/wp\/v2\/pages\/695\/revisions"}],"predecessor-version":[{"id":1644,"href":"https:\/\/bluecolombia.co\/blue\/wp-json\/wp\/v2\/pages\/695\/revisions\/1644"}],"wp:featuredmedia":[{"embeddable":true,"href":"https:\/\/bluecolombia.co\/blue\/wp-json\/wp\/v2\/media\/860"}],"wp:attachment":[{"href":"https:\/\/bluecolombia.co\/blue\/wp-json\/wp\/v2\/media?parent=695"}],"curies":[{"name":"wp","href":"https:\/\/api.w.org\/{rel}","templated":true}]}}