{"id":713,"date":"2015-02-09T22:53:08","date_gmt":"2015-02-10T03:53:08","guid":{"rendered":"http:\/\/bluecolombia.co\/blue\/?page_id=713"},"modified":"2018-08-12T16:21:12","modified_gmt":"2018-08-12T21:21:12","slug":"wdi-web-driver-innovations","status":"publish","type":"page","link":"https:\/\/bluecolombia.co\/blue\/wdi-web-driver-innovations\/","title":{"rendered":"WDI Web Driver Innovations Agencia Digital en Medell\u00edn Colombia"},"content":{"rendered":"<p style=\"text-align: justify;\"><h2>Introspecci\u00f3n psicol\u00f3gica:<\/h2>\n<p style=\"text-align: justify;\">Tiene como fundamento la capacidad reflexiva que la mente posee de referirse o ser consciente de forma inmediata de sus propios estados, cuando esta capacidad reflexiva se ejerce en forma de recuerdos sobre el pasado tiende a generar mayor confianza. La introspecci\u00f3n es la observaci\u00f3n que el individuo hace de su propio mundo interior, acto, relaciones, revelando estados de satisfacci\u00f3n no concebidos.<\/p>\n<p style=\"text-align: justify;\"><strong>\u00bfpara que sirve en maketing y publicidad?<\/strong> Conocer la relaci\u00f3n directa de los estados, gustos del individuo con una marca o producto que dicho conocimiento no sea directo si no inmediato, aumentar las expectativas ante una marca, mejorar las experiencias de compra y de re compra.<\/p>\n<p style=\"text-align: justify;\"><h2>Open Innovation o innovaci\u00f3n abierta:<\/h2>\n<p style=\"text-align: justify;\">Es una estrategia de innovaci\u00f3n bajo la cual las empresas van m\u00e1s all\u00e1 de los l\u00edmites internos de su organizaci\u00f3n y donde la cooperaci\u00f3n de profesionales externos pasa a tener un papel fundamental. El Open Innovations significa combinar el conocimiento interno con el conocimiento externo para sacar adelante proyectos de estrategia de investigaci\u00f3n y desarrollo. Significa tambi\u00e9n que las empresas utilizando canales internos como externos pueden generar mayor innovaci\u00f3n o creatividad en su productos y en sus tecnolog\u00edas, este tipo de innovaci\u00f3n responde a la posibilidad de ocurrencia de lo que se conoce como inteligencia colectiva.<\/p>\n<p style=\"text-align: justify;\"><strong>\u00bfPara qu\u00e9 sirve el marketing y publicidad?<\/strong> reduce tiempos y costes, capturan soluciones e ideas innovadoras que no pudieran sido desarrolladas en la empresa por la falta de tiempo, metodolog\u00edas, conocimiento o medios tecnol\u00f3gicos e incorporan innovaci\u00f3n de organizaciones externas (centros de tecnolog\u00eda, investigaci\u00f3n etc.)<\/p>\n<p style=\"text-align: justify;\"><h2>Design Thinking:<\/h2>\n<p style=\"text-align: justify;\">Es un enfoque para la innovaci\u00f3n centrado en las personas. Utiliza herramientas de dise\u00f1o para integrar necesidades y las posibilidades de la tecnolog\u00eda y los requerimientos para el \u00e9xito de un negocio. Este es un proceso interactivo y se parece mucho al empleado en empresas de core tecnol\u00f3gico a nivel internacional conocido como \u201clean start up\u201d (construir, medir, aprender) y son los que definen m\u00e1s el proceso previo a la generaci\u00f3n de ideas de un negocio (es algo disruptivo). Busca solucionar las necesidades, problemas y deseos de los usuarios.<\/p>\n<p style=\"text-align: justify;\"><h2>Neuromarketing:<\/h2>\n<p style=\"text-align: justify;\">Son todas aquellas t\u00e9cnicas o conceptos conocidos sobre el marketing y su relaci\u00f3n con la biolog\u00eda, la antropolog\u00eda, la sociolog\u00eda, la psicolog\u00eda y todos aquellos estudios que tienen que ver directamente con el desarrollo del ser humano. En Blue Design optamos todos esos conceptos y lo utilizamos en todo el desarrollo de estrategias y de enfoques creativos, con la finalidad de ser m\u00e1s efectivos a la hora de llegarle al usuario con un mensaje colores, formas, sabores, gustos etc.<\/p>\n<p style=\"text-align: center;\"><a class=\"btn btn-lg btn-primary\" href=\"http:\/\/bluecolombia.co\/blue\/contacto\/\" title=\"Cu\u00e9ntanos tu proyecto\" target=\"\">Cu\u00e9ntanos tu proyecto<\/a>\n<p style=\"text-align: center;\"><a class=\"btn btn-lg btn-default\" href=\"http:\/\/bluecolombia.co\/blue\/contacto\/\" title=\"Solicita una cotizaci\u00f3n\" target=\"\">Solicita una cotizaci\u00f3n<\/a>\n","protected":false},"excerpt":{"rendered":"<p>Tiene como fundamento la capacidad reflexiva que la mente posee de referirse o ser consciente de forma inmediata de sus propios estados, cuando esta capacidad reflexiva se ejerce en forma &#8230;<\/p>\n","protected":false},"author":1,"featured_media":853,"parent":0,"menu_order":0,"comment_status":"closed","ping_status":"open","template":"","meta":{"footnotes":""},"class_list":["post-713","page","type-page","status-publish","has-post-thumbnail","hentry"],"yoast_head":"<!-- This site is optimized with the Yoast SEO plugin v25.0 - https:\/\/yoast.com\/wordpress\/plugins\/seo\/ -->\n<title>WDI Web Driver Innovations Agencia Digital en Medell\u00edn Colombia - Agencia de Marketing y Publicidad Blue Design Worldwide Colombia | Agencia Creativa en Colombia | Agencia de Dise\u00f1o de Branding | Agencia de Imagen Corporativa en Medell\u00edn | Dise\u00f1o de Identidad Corporativa | Design Thinking y Open Innovation en Medell\u00edn<\/title>\n<meta name=\"description\" content=\"Design Innovation &amp; Design Thinking en Medell\u00edn | Agencia de Marketing y Publicidad Blue Design Worldwide Colombia | Dise\u00f1o Web en Medell\u00edn | Agencias Digitales en Medell\u00edn | P\u00e1ginas Web en Colombia | Estrategias Digitales | Agencia de Marketing Digital en Medell\u00edn | Publicidad Y Marketing Online | Posicionamiento SEO | Posicionamiento en Google | Central de Medios en Colombia | Producci\u00f3n Audiovisual para TV | Agencia De Publicidad en Colombia | Creaci\u00f3n de P\u00e1ginas Web | Dise\u00f1o de P\u00e1ginas Web | Desarrollo Web en Medell\u00edn | Posicionamiento de P\u00e1ginas Web\" \/>\n<meta name=\"robots\" content=\"index, follow, max-snippet:-1, max-image-preview:large, max-video-preview:-1\" \/>\n<link rel=\"canonical\" href=\"https:\/\/bluecolombia.co\/blue\/wdi-web-driver-innovations\/\" \/>\n<meta property=\"og:locale\" content=\"es_ES\" \/>\n<meta property=\"og:type\" content=\"article\" \/>\n<meta property=\"og:title\" content=\"Design Innovation &amp; Design Thinking en Medell\u00edn | Agencia de Marketing y Publicidad Blue Design Worldwide Colombia\" \/>\n<meta property=\"og:description\" content=\"Design Innovation &amp; Design Thinking en Medell\u00edn | Agencia de Marketing y Publicidad Blue Design Worldwide Colombia\" \/>\n<meta property=\"og:url\" content=\"https:\/\/bluecolombia.co\/blue\/wdi-web-driver-innovations\/\" \/>\n<meta property=\"og:site_name\" content=\"Agencia de Marketing y Publicidad Blue Design Worldwide Colombia\" \/>\n<meta property=\"article:publisher\" content=\"https:\/\/www.facebook.com\/AgenciaBlueDesignWorldwideColombia\/\" \/>\n<meta property=\"article:modified_time\" content=\"2018-08-12T21:21:12+00:00\" \/>\n<meta property=\"og:image\" content=\"https:\/\/bluecolombia.co\/blue\/inclusiones\/uploads\/2015\/02\/shutterstock_191281538.jpg\" \/>\n\t<meta property=\"og:image:width\" content=\"2048\" \/>\n\t<meta property=\"og:image:height\" content=\"2048\" \/>\n\t<meta property=\"og:image:type\" content=\"image\/jpeg\" \/>\n<meta name=\"twitter:card\" content=\"summary_large_image\" \/>\n<meta name=\"twitter:title\" content=\"Design Innovation &amp; Design Thinking en Medell\u00edn | Agencia de Marketing y Publicidad Blue Design Worldwide Colombia\" \/>\n<meta name=\"twitter:description\" content=\"Design Innovation &amp; Design Thinking en Medell\u00edn | Agencia de Marketing y Publicidad Blue Design Worldwide Colombia\" \/>\n<meta name=\"twitter:image\" content=\"http:\/\/bluecolombia.co\/blue\/inclusiones\/uploads\/2015\/02\/shutterstock_191281538.jpg\" \/>\n<meta name=\"twitter:site\" content=\"@bluedegcolombia\" \/>\n<meta name=\"twitter:label1\" content=\"Tiempo de lectura\" \/>\n\t<meta name=\"twitter:data1\" content=\"3 minutos\" \/>\n<script type=\"application\/ld+json\" class=\"yoast-schema-graph\">{\"@context\":\"https:\/\/schema.org\",\"@graph\":[{\"@type\":\"WebPage\",\"@id\":\"https:\/\/bluecolombia.co\/blue\/wdi-web-driver-innovations\/\",\"url\":\"https:\/\/bluecolombia.co\/blue\/wdi-web-driver-innovations\/\",\"name\":\"WDI Web Driver Innovations Agencia Digital en Medell\u00edn Colombia - Agencia de Marketing y Publicidad Blue Design Worldwide Colombia | Agencia Creativa en Colombia | Agencia de Dise\u00f1o de Branding | Agencia de Imagen Corporativa en Medell\u00edn | Dise\u00f1o de Identidad Corporativa | Design Thinking y Open Innovation en Medell\u00edn\",\"isPartOf\":{\"@id\":\"https:\/\/bluecolombia.co\/blue\/#website\"},\"primaryImageOfPage\":{\"@id\":\"https:\/\/bluecolombia.co\/blue\/wdi-web-driver-innovations\/#primaryimage\"},\"image\":{\"@id\":\"https:\/\/bluecolombia.co\/blue\/wdi-web-driver-innovations\/#primaryimage\"},\"thumbnailUrl\":\"https:\/\/bluecolombia.co\/blue\/inclusiones\/uploads\/2015\/02\/shutterstock_191281538.jpg\",\"datePublished\":\"2015-02-10T03:53:08+00:00\",\"dateModified\":\"2018-08-12T21:21:12+00:00\",\"description\":\"Design Innovation & Design Thinking en Medell\u00edn | Agencia de Marketing y Publicidad Blue Design Worldwide Colombia | Dise\u00f1o Web en Medell\u00edn | Agencias Digitales en Medell\u00edn | P\u00e1ginas Web en Colombia | Estrategias Digitales | Agencia de Marketing Digital en Medell\u00edn | Publicidad Y Marketing Online | Posicionamiento SEO | Posicionamiento en Google | Central de Medios en Colombia | Producci\u00f3n Audiovisual para TV | Agencia De Publicidad en Colombia | Creaci\u00f3n de P\u00e1ginas Web | Dise\u00f1o de P\u00e1ginas Web | Desarrollo Web en Medell\u00edn | Posicionamiento de P\u00e1ginas Web\",\"breadcrumb\":{\"@id\":\"https:\/\/bluecolombia.co\/blue\/wdi-web-driver-innovations\/#breadcrumb\"},\"inLanguage\":\"es\",\"potentialAction\":[{\"@type\":\"ReadAction\",\"target\":[\"https:\/\/bluecolombia.co\/blue\/wdi-web-driver-innovations\/\"]}]},{\"@type\":\"ImageObject\",\"inLanguage\":\"es\",\"@id\":\"https:\/\/bluecolombia.co\/blue\/wdi-web-driver-innovations\/#primaryimage\",\"url\":\"https:\/\/bluecolombia.co\/blue\/inclusiones\/uploads\/2015\/02\/shutterstock_191281538.jpg\",\"contentUrl\":\"https:\/\/bluecolombia.co\/blue\/inclusiones\/uploads\/2015\/02\/shutterstock_191281538.jpg\",\"width\":2048,\"height\":2048},{\"@type\":\"BreadcrumbList\",\"@id\":\"https:\/\/bluecolombia.co\/blue\/wdi-web-driver-innovations\/#breadcrumb\",\"itemListElement\":[{\"@type\":\"ListItem\",\"position\":1,\"name\":\"Inicio\",\"item\":\"https:\/\/bluecolombia.co\/blue\/\"},{\"@type\":\"ListItem\",\"position\":2,\"name\":\"Agencia de Innovaci\u00f3n Digital\"}]},{\"@type\":\"WebSite\",\"@id\":\"https:\/\/bluecolombia.co\/blue\/#website\",\"url\":\"https:\/\/bluecolombia.co\/blue\/\",\"name\":\"Agencia de Marketing y Publicidad Blue Design Worldwide Colombia\",\"description\":\"Agencia de Marketing Digital, Dise\u00f1o Web en Medell\u00edn, Estrategias Digitales, Posicionamiento SEO, Marketing, Publicidad, Redes Sociales, Central de Medios y Producci\u00f3n Audiovisual en Colombia.\",\"publisher\":{\"@id\":\"https:\/\/bluecolombia.co\/blue\/#organization\"},\"potentialAction\":[{\"@type\":\"SearchAction\",\"target\":{\"@type\":\"EntryPoint\",\"urlTemplate\":\"https:\/\/bluecolombia.co\/blue\/?s={search_term_string}\"},\"query-input\":{\"@type\":\"PropertyValueSpecification\",\"valueRequired\":true,\"valueName\":\"search_term_string\"}}],\"inLanguage\":\"es\"},{\"@type\":\"Organization\",\"@id\":\"https:\/\/bluecolombia.co\/blue\/#organization\",\"name\":\"Agencia de Marketing y Publicidad Blue Design Worldwide Colombia | Dise\u00f1o Web en Medell\u00edn | Agencias Digitales en Medell\u00edn | P\u00e1ginas Web en Colombia | Estrategias Digitales | Agencia de Marketing Digital en Medell\u00edn | Publicidad Y Marketing Online | Posicionamiento SEO | Posicionamiento en Google | Central de Medios en Colombia | Producci\u00f3n Audiovisual para TV | Agencia De Publicidad en Colombia | Creaci\u00f3n de P\u00e1ginas Web | Dise\u00f1o de P\u00e1ginas Web | Desarrollo Web en Medell\u00edn | Posicionamiento de P\u00e1ginas Web\",\"url\":\"https:\/\/bluecolombia.co\/blue\/\",\"logo\":{\"@type\":\"ImageObject\",\"inLanguage\":\"es\",\"@id\":\"https:\/\/bluecolombia.co\/blue\/#\/schema\/logo\/image\/\",\"url\":\"https:\/\/bluecolombia.co\/blue\/inclusiones\/uploads\/2018\/08\/logo-blue-schema.jpeg\",\"contentUrl\":\"https:\/\/bluecolombia.co\/blue\/inclusiones\/uploads\/2018\/08\/logo-blue-schema.jpeg\",\"width\":608,\"height\":606,\"caption\":\"Agencia de Marketing y Publicidad Blue Design Worldwide Colombia | Dise\u00f1o Web en Medell\u00edn | Agencias Digitales en Medell\u00edn | P\u00e1ginas Web en Colombia | Estrategias Digitales | Agencia de Marketing Digital en Medell\u00edn | Publicidad Y Marketing Online | Posicionamiento SEO | Posicionamiento en Google | Central de Medios en Colombia | Producci\u00f3n Audiovisual para TV | Agencia De Publicidad en Colombia | Creaci\u00f3n de P\u00e1ginas Web | Dise\u00f1o de P\u00e1ginas Web | Desarrollo Web en Medell\u00edn | Posicionamiento de P\u00e1ginas Web\"},\"image\":{\"@id\":\"https:\/\/bluecolombia.co\/blue\/#\/schema\/logo\/image\/\"},\"sameAs\":[\"https:\/\/www.facebook.com\/AgenciaBlueDesignWorldwideColombia\/\",\"https:\/\/x.com\/bluedegcolombia\",\"https:\/\/www.instagram.com\/bluedesignworldwide\/\",\"https:\/\/www.linkedin.com\/company\/agencia-blue-design-worldwide-colombia\/\",\"https:\/\/g.page\/bluedesigncolombia?share\",\"https:\/\/es.pinterest.com\/bluedesigncol\/\",\"https:\/\/www.youtube.com\/user\/bluedesigncolombia\",\"https:\/\/es.wikipedia.org\/wiki\/Archivo:Logo-new.jpg\"]}]}<\/script>\n<!-- \/ Yoast SEO plugin. -->","yoast_head_json":{"title":"WDI Web Driver Innovations Agencia Digital en Medell\u00edn Colombia - Agencia de Marketing y Publicidad Blue Design Worldwide Colombia | Agencia Creativa en Colombia | Agencia de Dise\u00f1o de Branding | Agencia de Imagen Corporativa en Medell\u00edn | Dise\u00f1o de Identidad Corporativa | Design Thinking y Open Innovation en Medell\u00edn","description":"Design Innovation & Design Thinking en Medell\u00edn | Agencia de Marketing y Publicidad Blue Design Worldwide Colombia | Dise\u00f1o Web en Medell\u00edn | Agencias Digitales en Medell\u00edn | P\u00e1ginas Web en Colombia | Estrategias Digitales | Agencia de Marketing Digital en Medell\u00edn | Publicidad Y Marketing Online | Posicionamiento SEO | Posicionamiento en Google | Central de Medios en Colombia | Producci\u00f3n Audiovisual para TV | Agencia De Publicidad en Colombia | Creaci\u00f3n de P\u00e1ginas Web | Dise\u00f1o de P\u00e1ginas Web | Desarrollo Web en Medell\u00edn | Posicionamiento de P\u00e1ginas Web","robots":{"index":"index","follow":"follow","max-snippet":"max-snippet:-1","max-image-preview":"max-image-preview:large","max-video-preview":"max-video-preview:-1"},"canonical":"https:\/\/bluecolombia.co\/blue\/wdi-web-driver-innovations\/","og_locale":"es_ES","og_type":"article","og_title":"Design Innovation & Design Thinking en Medell\u00edn | Agencia de Marketing y Publicidad Blue Design Worldwide Colombia","og_description":"Design Innovation & Design Thinking en Medell\u00edn | Agencia de Marketing y Publicidad Blue Design Worldwide Colombia","og_url":"https:\/\/bluecolombia.co\/blue\/wdi-web-driver-innovations\/","og_site_name":"Agencia de Marketing y Publicidad Blue Design Worldwide Colombia","article_publisher":"https:\/\/www.facebook.com\/AgenciaBlueDesignWorldwideColombia\/","article_modified_time":"2018-08-12T21:21:12+00:00","og_image":[{"width":2048,"height":2048,"url":"https:\/\/bluecolombia.co\/blue\/inclusiones\/uploads\/2015\/02\/shutterstock_191281538.jpg","type":"image\/jpeg"}],"twitter_card":"summary_large_image","twitter_title":"Design Innovation & Design Thinking en Medell\u00edn | Agencia de Marketing y Publicidad Blue Design Worldwide Colombia","twitter_description":"Design Innovation & Design Thinking en Medell\u00edn | Agencia de Marketing y Publicidad Blue Design Worldwide Colombia","twitter_image":"http:\/\/bluecolombia.co\/blue\/inclusiones\/uploads\/2015\/02\/shutterstock_191281538.jpg","twitter_site":"@bluedegcolombia","twitter_misc":{"Tiempo de lectura":"3 minutos"},"schema":{"@context":"https:\/\/schema.org","@graph":[{"@type":"WebPage","@id":"https:\/\/bluecolombia.co\/blue\/wdi-web-driver-innovations\/","url":"https:\/\/bluecolombia.co\/blue\/wdi-web-driver-innovations\/","name":"WDI Web Driver Innovations Agencia Digital en Medell\u00edn Colombia - Agencia de Marketing y Publicidad Blue Design Worldwide Colombia | Agencia Creativa en Colombia | Agencia de Dise\u00f1o de Branding | Agencia de Imagen Corporativa en Medell\u00edn | Dise\u00f1o de Identidad Corporativa | Design Thinking y Open Innovation en Medell\u00edn","isPartOf":{"@id":"https:\/\/bluecolombia.co\/blue\/#website"},"primaryImageOfPage":{"@id":"https:\/\/bluecolombia.co\/blue\/wdi-web-driver-innovations\/#primaryimage"},"image":{"@id":"https:\/\/bluecolombia.co\/blue\/wdi-web-driver-innovations\/#primaryimage"},"thumbnailUrl":"https:\/\/bluecolombia.co\/blue\/inclusiones\/uploads\/2015\/02\/shutterstock_191281538.jpg","datePublished":"2015-02-10T03:53:08+00:00","dateModified":"2018-08-12T21:21:12+00:00","description":"Design Innovation & Design Thinking en Medell\u00edn | Agencia de Marketing y Publicidad Blue Design Worldwide Colombia | Dise\u00f1o Web en Medell\u00edn | Agencias Digitales en Medell\u00edn | P\u00e1ginas Web en Colombia | Estrategias Digitales | Agencia de Marketing Digital en Medell\u00edn | Publicidad Y Marketing Online | Posicionamiento SEO | Posicionamiento en Google | Central de Medios en Colombia | Producci\u00f3n Audiovisual para TV | Agencia De Publicidad en Colombia | Creaci\u00f3n de P\u00e1ginas Web | Dise\u00f1o de P\u00e1ginas Web | Desarrollo Web en Medell\u00edn | Posicionamiento de P\u00e1ginas Web","breadcrumb":{"@id":"https:\/\/bluecolombia.co\/blue\/wdi-web-driver-innovations\/#breadcrumb"},"inLanguage":"es","potentialAction":[{"@type":"ReadAction","target":["https:\/\/bluecolombia.co\/blue\/wdi-web-driver-innovations\/"]}]},{"@type":"ImageObject","inLanguage":"es","@id":"https:\/\/bluecolombia.co\/blue\/wdi-web-driver-innovations\/#primaryimage","url":"https:\/\/bluecolombia.co\/blue\/inclusiones\/uploads\/2015\/02\/shutterstock_191281538.jpg","contentUrl":"https:\/\/bluecolombia.co\/blue\/inclusiones\/uploads\/2015\/02\/shutterstock_191281538.jpg","width":2048,"height":2048},{"@type":"BreadcrumbList","@id":"https:\/\/bluecolombia.co\/blue\/wdi-web-driver-innovations\/#breadcrumb","itemListElement":[{"@type":"ListItem","position":1,"name":"Inicio","item":"https:\/\/bluecolombia.co\/blue\/"},{"@type":"ListItem","position":2,"name":"Agencia de Innovaci\u00f3n Digital"}]},{"@type":"WebSite","@id":"https:\/\/bluecolombia.co\/blue\/#website","url":"https:\/\/bluecolombia.co\/blue\/","name":"Agencia de Marketing y Publicidad Blue Design Worldwide Colombia","description":"Agencia de Marketing Digital, Dise\u00f1o Web en Medell\u00edn, Estrategias Digitales, Posicionamiento SEO, Marketing, Publicidad, Redes Sociales, Central de Medios y Producci\u00f3n Audiovisual en Colombia.","publisher":{"@id":"https:\/\/bluecolombia.co\/blue\/#organization"},"potentialAction":[{"@type":"SearchAction","target":{"@type":"EntryPoint","urlTemplate":"https:\/\/bluecolombia.co\/blue\/?s={search_term_string}"},"query-input":{"@type":"PropertyValueSpecification","valueRequired":true,"valueName":"search_term_string"}}],"inLanguage":"es"},{"@type":"Organization","@id":"https:\/\/bluecolombia.co\/blue\/#organization","name":"Agencia de Marketing y Publicidad Blue Design Worldwide Colombia | Dise\u00f1o Web en Medell\u00edn | Agencias Digitales en Medell\u00edn | P\u00e1ginas Web en Colombia | Estrategias Digitales | Agencia de Marketing Digital en Medell\u00edn | Publicidad Y Marketing Online | Posicionamiento SEO | Posicionamiento en Google | Central de Medios en Colombia | Producci\u00f3n Audiovisual para TV | Agencia De Publicidad en Colombia | Creaci\u00f3n de P\u00e1ginas Web | Dise\u00f1o de P\u00e1ginas Web | Desarrollo Web en Medell\u00edn | Posicionamiento de P\u00e1ginas Web","url":"https:\/\/bluecolombia.co\/blue\/","logo":{"@type":"ImageObject","inLanguage":"es","@id":"https:\/\/bluecolombia.co\/blue\/#\/schema\/logo\/image\/","url":"https:\/\/bluecolombia.co\/blue\/inclusiones\/uploads\/2018\/08\/logo-blue-schema.jpeg","contentUrl":"https:\/\/bluecolombia.co\/blue\/inclusiones\/uploads\/2018\/08\/logo-blue-schema.jpeg","width":608,"height":606,"caption":"Agencia de Marketing y Publicidad Blue Design Worldwide Colombia | Dise\u00f1o Web en Medell\u00edn | Agencias Digitales en Medell\u00edn | P\u00e1ginas Web en Colombia | Estrategias Digitales | Agencia de Marketing Digital en Medell\u00edn | Publicidad Y Marketing Online | Posicionamiento SEO | Posicionamiento en Google | Central de Medios en Colombia | Producci\u00f3n Audiovisual para TV | Agencia De Publicidad en Colombia | Creaci\u00f3n de P\u00e1ginas Web | Dise\u00f1o de P\u00e1ginas Web | Desarrollo Web en Medell\u00edn | Posicionamiento de P\u00e1ginas Web"},"image":{"@id":"https:\/\/bluecolombia.co\/blue\/#\/schema\/logo\/image\/"},"sameAs":["https:\/\/www.facebook.com\/AgenciaBlueDesignWorldwideColombia\/","https:\/\/x.com\/bluedegcolombia","https:\/\/www.instagram.com\/bluedesignworldwide\/","https:\/\/www.linkedin.com\/company\/agencia-blue-design-worldwide-colombia\/","https:\/\/g.page\/bluedesigncolombia?share","https:\/\/es.pinterest.com\/bluedesigncol\/","https:\/\/www.youtube.com\/user\/bluedesigncolombia","https:\/\/es.wikipedia.org\/wiki\/Archivo:Logo-new.jpg"]}]}},"_links":{"self":[{"href":"https:\/\/bluecolombia.co\/blue\/wp-json\/wp\/v2\/pages\/713","targetHints":{"allow":["GET"]}}],"collection":[{"href":"https:\/\/bluecolombia.co\/blue\/wp-json\/wp\/v2\/pages"}],"about":[{"href":"https:\/\/bluecolombia.co\/blue\/wp-json\/wp\/v2\/types\/page"}],"author":[{"embeddable":true,"href":"https:\/\/bluecolombia.co\/blue\/wp-json\/wp\/v2\/users\/1"}],"replies":[{"embeddable":true,"href":"https:\/\/bluecolombia.co\/blue\/wp-json\/wp\/v2\/comments?post=713"}],"version-history":[{"count":11,"href":"https:\/\/bluecolombia.co\/blue\/wp-json\/wp\/v2\/pages\/713\/revisions"}],"predecessor-version":[{"id":1658,"href":"https:\/\/bluecolombia.co\/blue\/wp-json\/wp\/v2\/pages\/713\/revisions\/1658"}],"wp:featuredmedia":[{"embeddable":true,"href":"https:\/\/bluecolombia.co\/blue\/wp-json\/wp\/v2\/media\/853"}],"wp:attachment":[{"href":"https:\/\/bluecolombia.co\/blue\/wp-json\/wp\/v2\/media?parent=713"}],"curies":[{"name":"wp","href":"https:\/\/api.w.org\/{rel}","templated":true}]}}