{"id":725,"date":"2015-02-09T22:55:09","date_gmt":"2015-02-10T03:55:09","guid":{"rendered":"http:\/\/bluecolombia.co\/blue\/?page_id=725"},"modified":"2018-08-12T15:44:35","modified_gmt":"2018-08-12T20:44:35","slug":"blue-design-worldwide-colombia","status":"publish","type":"page","link":"https:\/\/bluecolombia.co\/blue\/blue-design-worldwide-colombia\/","title":{"rendered":"Acerca de Blue Design Worldwide Colombia"},"content":{"rendered":"<p style=\"text-align: justify;\"><h2>Lo que s\u00f3mos<\/h2>\n<p style=\"text-align: justify;\"><span style=\"font-weight: 400;\">La agencia de publicidad y marketing digital Blue Design Colombia est\u00e1 conformada por sat\u00e9lites de dise\u00f1o, sat\u00e9lites de posicionamiento, sat\u00e9lites de cuentas, sat\u00e9lites de video, sat\u00e9lites de desarrollo y un centro de operaciones especializado.<\/span><\/p>\n<p style=\"text-align: justify;\"><span style=\"font-weight: 400;\">El enfoque de Blue Design, se basa en la <strong>innovaci\u00f3n de procesos comerciales desde el punto gr\u00e1fico del negocio;<\/strong>\u00a0Dejar que una imagen represente nuestro trabajo es elemental a la hora de tocar los sentimientos de nuestros clientes y socios. <strong>Nuestra agencia se especializa en procesos comerciales orientados a la gesti\u00f3n de clientes y utilizaci\u00f3n de herramientas tecnol\u00f3gicas con aplicaci\u00f3n comercial<\/strong>, nuestro elemento diferenciador y de \u00e9xito se basa en un modelo de gesti\u00f3n por procesos y unidades de negocio adem\u00e1s del manejo de datos. Contamos con experiencia en los campos de dise\u00f1o gr\u00e1fico para ATL, desarrollo de sistemas CRM, aplicativos m\u00f3viles y sistemas interactivos para social media marketing, realizaci\u00f3n multimedial, publicidad, producci\u00f3n de medios audiovisuales para radio y TV en Colombia y Am\u00e9rica Latina. \u00a0<\/span><\/p>\n<p style=\"text-align: justify;\"><h2>Reconocimiento<\/h2>\n<p style=\"text-align: justify;\"><span style=\"font-weight: 400;\">Nos enorgullece encontramos en el listado de <strong>las mejores agencias digitales en colombia<\/strong> seg\u00fan importantes diarios de marketing y publicidad a nivel nacional. Blue Design es la agencia digital colombiana m\u00e1s recurrida por las grandes marcas para la producci\u00f3n y desarrollo de proyectos publicitarios y de marketing online.<\/span><\/p>\n<p style=\"text-align: justify;\"><span style=\"font-weight: 400;\">Empresas de publicidad como Blue Design cuenta con importantes reconocimientos por su alta creatividad y profesionalidad en \u00e1reas de la publicidad y mercadeo.\u00a0Tambi\u00e9n catalogados como <strong>la mejor agencia de medios en Colombia<\/strong>.<\/span><\/p>\n<p style=\"text-align: justify;\"><h2>Nuestra receta<\/h2>\n<p style=\"text-align: justify;\"><span style=\"font-weight: 400;\">Blue Design se especializa en posicionamiento web, mercadeo, publicidad, Marketing online, SEO en Colombia, Marketing en internet, Publicidad en Google, Publicidad en Facebook, Realizaci\u00f3n de planes de comunicaci\u00f3n y planes de marketing estrat\u00e9gico. <\/span><\/p>\n<p style=\"text-align: justify;\"><span style=\"font-weight: 400;\">Somos una agencia de 360\u00b0 con publicidad interactiva. El Marketing virtual o mercadeo por internet es una innovaci\u00f3n importante en la publicidad en Colombia. Pertenecemos a una red de agencias publicitarias en colombia con el mejor proceso de Social Media Marketing SMM y de Comunicaci\u00f3n digital. Nuestro posicionamiento en buscadores es de calidad y le garantiza al usuario buenos porcentajes de conversi\u00f3n. Tambi\u00e9n, somos expertos en SEM Search Engine Marketing y Publicidad en la web.<\/span><\/p>\n<p style=\"text-align: center;\"><a class=\"btn btn-lg btn-primary\" href=\"http:\/\/bluecolombia.co\/blue\/contacto\/\" title=\"Cu\u00e9ntanos tu proyecto\" target=\"\">Cu\u00e9ntanos tu proyecto<\/a>\n<p style=\"text-align: center;\"><a class=\"btn btn-lg btn-default\" href=\"http:\/\/bluecolombia.co\/blue\/contacto\/\" title=\"Solicita una cotizaci\u00f3n\" target=\"\">Solicita una cotizaci\u00f3n<\/a>\n<p style=\"text-align: center;\"><a class=\"btn btn-lg btn-default\" href=\"http:\/\/bluecolombia.co\/blue\/clientes-felices\/\" title=\"Ver portafolio\" target=\"\">Conoce nuestros clientes<\/a>\n","protected":false},"excerpt":{"rendered":"<p>La agencia de publicidad y marketing digital Blue Design Colombia est\u00e1 conformada por sat\u00e9lites de dise\u00f1o, sat\u00e9lites de posicionamiento, sat\u00e9lites de cuentas, sat\u00e9lites de video, sat\u00e9lites de desarrollo y un &#8230;<\/p>\n","protected":false},"author":1,"featured_media":836,"parent":0,"menu_order":0,"comment_status":"closed","ping_status":"open","template":"","meta":{"footnotes":""},"class_list":["post-725","page","type-page","status-publish","has-post-thumbnail","hentry"],"yoast_head":"<!-- This site is optimized with the Yoast SEO plugin v25.0 - https:\/\/yoast.com\/wordpress\/plugins\/seo\/ -->\n<title>Acerca de Blue Design Worldwide Colombia - Agencia de Marketing y Publicidad Blue Design Worldwide Colombia | La mejor Agencia De Publicidad de Colombia | La mejor agencia de Marketing de Colombia | La Agencia Digital m\u00e1s efectiva de Am\u00e9rica Latina | Agencia de Marketing Digital en Colombia<\/title>\n<meta name=\"description\" content=\"Acerca de nosotros | Agencia de Marketing y Publicidad Blue Design Worldwide Colombia | Dise\u00f1o Web en Medell\u00edn | Agencias Digitales en Medell\u00edn | P\u00e1ginas Web en Colombia | Estrategias Digitales | Agencia de Marketing Digital en Medell\u00edn | Publicidad Y Marketing Online | Posicionamiento SEO | Posicionamiento en Google | Central de Medios en Colombia | Producci\u00f3n Audiovisual para TV | Agencia De Publicidad en Colombia | Creaci\u00f3n de P\u00e1ginas Web | Dise\u00f1o de P\u00e1ginas Web | Desarrollo Web en Medell\u00edn | Posicionamiento de P\u00e1ginas Web\" \/>\n<meta name=\"robots\" content=\"index, follow, max-snippet:-1, max-image-preview:large, max-video-preview:-1\" \/>\n<link rel=\"canonical\" href=\"https:\/\/bluecolombia.co\/blue\/blue-design-worldwide-colombia\/\" \/>\n<meta property=\"og:locale\" content=\"es_ES\" \/>\n<meta property=\"og:type\" content=\"article\" \/>\n<meta property=\"og:title\" content=\"Acerca de nosotros | Agencia de Marketing y Publicidad Blue Design Worldwide Colombia\" \/>\n<meta property=\"og:description\" content=\"Acerca de nosotros | Agencia de Marketing y Publicidad Blue Design Worldwide Colombia\" \/>\n<meta property=\"og:url\" content=\"https:\/\/bluecolombia.co\/blue\/blue-design-worldwide-colombia\/\" \/>\n<meta property=\"og:site_name\" content=\"Agencia de Marketing y Publicidad Blue Design Worldwide Colombia\" \/>\n<meta property=\"article:publisher\" content=\"https:\/\/www.facebook.com\/AgenciaBlueDesignWorldwideColombia\/\" \/>\n<meta property=\"article:modified_time\" content=\"2018-08-12T20:44:35+00:00\" \/>\n<meta property=\"og:image\" content=\"https:\/\/bluecolombia.co\/blue\/inclusiones\/uploads\/2015\/02\/shutterstock_126933905.jpg\" \/>\n\t<meta property=\"og:image:width\" content=\"2048\" \/>\n\t<meta property=\"og:image:height\" content=\"1335\" \/>\n\t<meta property=\"og:image:type\" content=\"image\/jpeg\" \/>\n<meta name=\"twitter:card\" content=\"summary_large_image\" \/>\n<meta name=\"twitter:title\" content=\"Acerca de nosotros | Agencia de Marketing y Publicidad Blue Design Worldwide Colombia\" \/>\n<meta name=\"twitter:description\" content=\"Acerca de nosotros | Agencia de Marketing y Publicidad Blue Design Worldwide Colombia\" \/>\n<meta name=\"twitter:image\" content=\"http:\/\/bluecolombia.co\/blue\/inclusiones\/uploads\/2015\/02\/shutterstock_126933905.jpg\" \/>\n<meta name=\"twitter:site\" content=\"@bluedegcolombia\" \/>\n<meta name=\"twitter:label1\" content=\"Tiempo de lectura\" \/>\n\t<meta name=\"twitter:data1\" content=\"2 minutos\" \/>\n<script type=\"application\/ld+json\" class=\"yoast-schema-graph\">{\"@context\":\"https:\/\/schema.org\",\"@graph\":[{\"@type\":\"WebPage\",\"@id\":\"https:\/\/bluecolombia.co\/blue\/blue-design-worldwide-colombia\/\",\"url\":\"https:\/\/bluecolombia.co\/blue\/blue-design-worldwide-colombia\/\",\"name\":\"Acerca de Blue Design Worldwide Colombia - Agencia de Marketing y Publicidad Blue Design Worldwide Colombia | La mejor Agencia De Publicidad de Colombia | La mejor agencia de Marketing de Colombia | La Agencia Digital m\u00e1s efectiva de Am\u00e9rica Latina | Agencia de Marketing Digital en Colombia\",\"isPartOf\":{\"@id\":\"https:\/\/bluecolombia.co\/blue\/#website\"},\"primaryImageOfPage\":{\"@id\":\"https:\/\/bluecolombia.co\/blue\/blue-design-worldwide-colombia\/#primaryimage\"},\"image\":{\"@id\":\"https:\/\/bluecolombia.co\/blue\/blue-design-worldwide-colombia\/#primaryimage\"},\"thumbnailUrl\":\"https:\/\/bluecolombia.co\/blue\/inclusiones\/uploads\/2015\/02\/shutterstock_126933905.jpg\",\"datePublished\":\"2015-02-10T03:55:09+00:00\",\"dateModified\":\"2018-08-12T20:44:35+00:00\",\"description\":\"Acerca de nosotros | Agencia de Marketing y Publicidad Blue Design Worldwide Colombia | Dise\u00f1o Web en Medell\u00edn | Agencias Digitales en Medell\u00edn | P\u00e1ginas Web en Colombia | Estrategias Digitales | Agencia de Marketing Digital en Medell\u00edn | Publicidad Y Marketing Online | Posicionamiento SEO | Posicionamiento en Google | Central de Medios en Colombia | Producci\u00f3n Audiovisual para TV | Agencia De Publicidad en Colombia | Creaci\u00f3n de P\u00e1ginas Web | Dise\u00f1o de P\u00e1ginas Web | Desarrollo Web en Medell\u00edn | Posicionamiento de P\u00e1ginas Web\",\"breadcrumb\":{\"@id\":\"https:\/\/bluecolombia.co\/blue\/blue-design-worldwide-colombia\/#breadcrumb\"},\"inLanguage\":\"es\",\"potentialAction\":[{\"@type\":\"ReadAction\",\"target\":[\"https:\/\/bluecolombia.co\/blue\/blue-design-worldwide-colombia\/\"]}]},{\"@type\":\"ImageObject\",\"inLanguage\":\"es\",\"@id\":\"https:\/\/bluecolombia.co\/blue\/blue-design-worldwide-colombia\/#primaryimage\",\"url\":\"https:\/\/bluecolombia.co\/blue\/inclusiones\/uploads\/2015\/02\/shutterstock_126933905.jpg\",\"contentUrl\":\"https:\/\/bluecolombia.co\/blue\/inclusiones\/uploads\/2015\/02\/shutterstock_126933905.jpg\",\"width\":2048,\"height\":1335},{\"@type\":\"BreadcrumbList\",\"@id\":\"https:\/\/bluecolombia.co\/blue\/blue-design-worldwide-colombia\/#breadcrumb\",\"itemListElement\":[{\"@type\":\"ListItem\",\"position\":1,\"name\":\"Inicio\",\"item\":\"https:\/\/bluecolombia.co\/blue\/\"},{\"@type\":\"ListItem\",\"position\":2,\"name\":\"Acerca de Blue Design Worldwide\"}]},{\"@type\":\"WebSite\",\"@id\":\"https:\/\/bluecolombia.co\/blue\/#website\",\"url\":\"https:\/\/bluecolombia.co\/blue\/\",\"name\":\"Agencia de Marketing y Publicidad Blue Design Worldwide Colombia\",\"description\":\"Agencia de Marketing Digital, Dise\u00f1o Web en Medell\u00edn, Estrategias Digitales, Posicionamiento SEO, Marketing, Publicidad, Redes Sociales, Central de Medios y Producci\u00f3n Audiovisual en Colombia.\",\"publisher\":{\"@id\":\"https:\/\/bluecolombia.co\/blue\/#organization\"},\"potentialAction\":[{\"@type\":\"SearchAction\",\"target\":{\"@type\":\"EntryPoint\",\"urlTemplate\":\"https:\/\/bluecolombia.co\/blue\/?s={search_term_string}\"},\"query-input\":{\"@type\":\"PropertyValueSpecification\",\"valueRequired\":true,\"valueName\":\"search_term_string\"}}],\"inLanguage\":\"es\"},{\"@type\":\"Organization\",\"@id\":\"https:\/\/bluecolombia.co\/blue\/#organization\",\"name\":\"Agencia de Marketing y Publicidad Blue Design Worldwide Colombia | Dise\u00f1o Web en Medell\u00edn | Agencias Digitales en Medell\u00edn | P\u00e1ginas Web en Colombia | Estrategias Digitales | Agencia de Marketing Digital en Medell\u00edn | Publicidad Y Marketing Online | Posicionamiento SEO | Posicionamiento en Google | Central de Medios en Colombia | Producci\u00f3n Audiovisual para TV | Agencia De Publicidad en Colombia | Creaci\u00f3n de P\u00e1ginas Web | Dise\u00f1o de P\u00e1ginas Web | Desarrollo Web en Medell\u00edn | Posicionamiento de P\u00e1ginas Web\",\"url\":\"https:\/\/bluecolombia.co\/blue\/\",\"logo\":{\"@type\":\"ImageObject\",\"inLanguage\":\"es\",\"@id\":\"https:\/\/bluecolombia.co\/blue\/#\/schema\/logo\/image\/\",\"url\":\"https:\/\/bluecolombia.co\/blue\/inclusiones\/uploads\/2018\/08\/logo-blue-schema.jpeg\",\"contentUrl\":\"https:\/\/bluecolombia.co\/blue\/inclusiones\/uploads\/2018\/08\/logo-blue-schema.jpeg\",\"width\":608,\"height\":606,\"caption\":\"Agencia de Marketing y Publicidad Blue Design Worldwide Colombia | Dise\u00f1o Web en Medell\u00edn | Agencias Digitales en Medell\u00edn | P\u00e1ginas Web en Colombia | Estrategias Digitales | Agencia de Marketing Digital en Medell\u00edn | Publicidad Y Marketing Online | Posicionamiento SEO | Posicionamiento en Google | Central de Medios en Colombia | Producci\u00f3n Audiovisual para TV | Agencia De Publicidad en Colombia | Creaci\u00f3n de P\u00e1ginas Web | Dise\u00f1o de P\u00e1ginas Web | Desarrollo Web en Medell\u00edn | Posicionamiento de P\u00e1ginas Web\"},\"image\":{\"@id\":\"https:\/\/bluecolombia.co\/blue\/#\/schema\/logo\/image\/\"},\"sameAs\":[\"https:\/\/www.facebook.com\/AgenciaBlueDesignWorldwideColombia\/\",\"https:\/\/x.com\/bluedegcolombia\",\"https:\/\/www.instagram.com\/bluedesignworldwide\/\",\"https:\/\/www.linkedin.com\/company\/agencia-blue-design-worldwide-colombia\/\",\"https:\/\/g.page\/bluedesigncolombia?share\",\"https:\/\/es.pinterest.com\/bluedesigncol\/\",\"https:\/\/www.youtube.com\/user\/bluedesigncolombia\",\"https:\/\/es.wikipedia.org\/wiki\/Archivo:Logo-new.jpg\"]}]}<\/script>\n<!-- \/ Yoast SEO plugin. -->","yoast_head_json":{"title":"Acerca de Blue Design Worldwide Colombia - Agencia de Marketing y Publicidad Blue Design Worldwide Colombia | La mejor Agencia De Publicidad de Colombia | La mejor agencia de Marketing de Colombia | La Agencia Digital m\u00e1s efectiva de Am\u00e9rica Latina | Agencia de Marketing Digital en Colombia","description":"Acerca de nosotros | Agencia de Marketing y Publicidad Blue Design Worldwide Colombia | Dise\u00f1o Web en Medell\u00edn | Agencias Digitales en Medell\u00edn | P\u00e1ginas Web en Colombia | Estrategias Digitales | Agencia de Marketing Digital en Medell\u00edn | Publicidad Y Marketing Online | Posicionamiento SEO | Posicionamiento en Google | Central de Medios en Colombia | Producci\u00f3n Audiovisual para TV | Agencia De Publicidad en Colombia | Creaci\u00f3n de P\u00e1ginas Web | Dise\u00f1o de P\u00e1ginas Web | Desarrollo Web en Medell\u00edn | Posicionamiento de P\u00e1ginas Web","robots":{"index":"index","follow":"follow","max-snippet":"max-snippet:-1","max-image-preview":"max-image-preview:large","max-video-preview":"max-video-preview:-1"},"canonical":"https:\/\/bluecolombia.co\/blue\/blue-design-worldwide-colombia\/","og_locale":"es_ES","og_type":"article","og_title":"Acerca de nosotros | Agencia de Marketing y Publicidad Blue Design Worldwide Colombia","og_description":"Acerca de nosotros | Agencia de Marketing y Publicidad Blue Design Worldwide Colombia","og_url":"https:\/\/bluecolombia.co\/blue\/blue-design-worldwide-colombia\/","og_site_name":"Agencia de Marketing y Publicidad Blue Design Worldwide Colombia","article_publisher":"https:\/\/www.facebook.com\/AgenciaBlueDesignWorldwideColombia\/","article_modified_time":"2018-08-12T20:44:35+00:00","og_image":[{"width":2048,"height":1335,"url":"https:\/\/bluecolombia.co\/blue\/inclusiones\/uploads\/2015\/02\/shutterstock_126933905.jpg","type":"image\/jpeg"}],"twitter_card":"summary_large_image","twitter_title":"Acerca de nosotros | Agencia de Marketing y Publicidad Blue Design Worldwide Colombia","twitter_description":"Acerca de nosotros | Agencia de Marketing y Publicidad Blue Design Worldwide Colombia","twitter_image":"http:\/\/bluecolombia.co\/blue\/inclusiones\/uploads\/2015\/02\/shutterstock_126933905.jpg","twitter_site":"@bluedegcolombia","twitter_misc":{"Tiempo de lectura":"2 minutos"},"schema":{"@context":"https:\/\/schema.org","@graph":[{"@type":"WebPage","@id":"https:\/\/bluecolombia.co\/blue\/blue-design-worldwide-colombia\/","url":"https:\/\/bluecolombia.co\/blue\/blue-design-worldwide-colombia\/","name":"Acerca de Blue Design Worldwide Colombia - Agencia de Marketing y Publicidad Blue Design Worldwide Colombia | La mejor Agencia De Publicidad de Colombia | La mejor agencia de Marketing de Colombia | La Agencia Digital m\u00e1s efectiva de Am\u00e9rica Latina | Agencia de Marketing Digital en Colombia","isPartOf":{"@id":"https:\/\/bluecolombia.co\/blue\/#website"},"primaryImageOfPage":{"@id":"https:\/\/bluecolombia.co\/blue\/blue-design-worldwide-colombia\/#primaryimage"},"image":{"@id":"https:\/\/bluecolombia.co\/blue\/blue-design-worldwide-colombia\/#primaryimage"},"thumbnailUrl":"https:\/\/bluecolombia.co\/blue\/inclusiones\/uploads\/2015\/02\/shutterstock_126933905.jpg","datePublished":"2015-02-10T03:55:09+00:00","dateModified":"2018-08-12T20:44:35+00:00","description":"Acerca de nosotros | Agencia de Marketing y Publicidad Blue Design Worldwide Colombia | Dise\u00f1o Web en Medell\u00edn | Agencias Digitales en Medell\u00edn | P\u00e1ginas Web en Colombia | Estrategias Digitales | Agencia de Marketing Digital en Medell\u00edn | Publicidad Y Marketing Online | Posicionamiento SEO | Posicionamiento en Google | Central de Medios en Colombia | Producci\u00f3n Audiovisual para TV | Agencia De Publicidad en Colombia | Creaci\u00f3n de P\u00e1ginas Web | Dise\u00f1o de P\u00e1ginas Web | Desarrollo Web en Medell\u00edn | Posicionamiento de P\u00e1ginas Web","breadcrumb":{"@id":"https:\/\/bluecolombia.co\/blue\/blue-design-worldwide-colombia\/#breadcrumb"},"inLanguage":"es","potentialAction":[{"@type":"ReadAction","target":["https:\/\/bluecolombia.co\/blue\/blue-design-worldwide-colombia\/"]}]},{"@type":"ImageObject","inLanguage":"es","@id":"https:\/\/bluecolombia.co\/blue\/blue-design-worldwide-colombia\/#primaryimage","url":"https:\/\/bluecolombia.co\/blue\/inclusiones\/uploads\/2015\/02\/shutterstock_126933905.jpg","contentUrl":"https:\/\/bluecolombia.co\/blue\/inclusiones\/uploads\/2015\/02\/shutterstock_126933905.jpg","width":2048,"height":1335},{"@type":"BreadcrumbList","@id":"https:\/\/bluecolombia.co\/blue\/blue-design-worldwide-colombia\/#breadcrumb","itemListElement":[{"@type":"ListItem","position":1,"name":"Inicio","item":"https:\/\/bluecolombia.co\/blue\/"},{"@type":"ListItem","position":2,"name":"Acerca de Blue Design Worldwide"}]},{"@type":"WebSite","@id":"https:\/\/bluecolombia.co\/blue\/#website","url":"https:\/\/bluecolombia.co\/blue\/","name":"Agencia de Marketing y Publicidad Blue Design Worldwide Colombia","description":"Agencia de Marketing Digital, Dise\u00f1o Web en Medell\u00edn, Estrategias Digitales, Posicionamiento SEO, Marketing, Publicidad, Redes Sociales, Central de Medios y Producci\u00f3n Audiovisual en Colombia.","publisher":{"@id":"https:\/\/bluecolombia.co\/blue\/#organization"},"potentialAction":[{"@type":"SearchAction","target":{"@type":"EntryPoint","urlTemplate":"https:\/\/bluecolombia.co\/blue\/?s={search_term_string}"},"query-input":{"@type":"PropertyValueSpecification","valueRequired":true,"valueName":"search_term_string"}}],"inLanguage":"es"},{"@type":"Organization","@id":"https:\/\/bluecolombia.co\/blue\/#organization","name":"Agencia de Marketing y Publicidad Blue Design Worldwide Colombia | Dise\u00f1o Web en Medell\u00edn | Agencias Digitales en Medell\u00edn | P\u00e1ginas Web en Colombia | Estrategias Digitales | Agencia de Marketing Digital en Medell\u00edn | Publicidad Y Marketing Online | Posicionamiento SEO | Posicionamiento en Google | Central de Medios en Colombia | Producci\u00f3n Audiovisual para TV | Agencia De Publicidad en Colombia | Creaci\u00f3n de P\u00e1ginas Web | Dise\u00f1o de P\u00e1ginas Web | Desarrollo Web en Medell\u00edn | Posicionamiento de P\u00e1ginas Web","url":"https:\/\/bluecolombia.co\/blue\/","logo":{"@type":"ImageObject","inLanguage":"es","@id":"https:\/\/bluecolombia.co\/blue\/#\/schema\/logo\/image\/","url":"https:\/\/bluecolombia.co\/blue\/inclusiones\/uploads\/2018\/08\/logo-blue-schema.jpeg","contentUrl":"https:\/\/bluecolombia.co\/blue\/inclusiones\/uploads\/2018\/08\/logo-blue-schema.jpeg","width":608,"height":606,"caption":"Agencia de Marketing y Publicidad Blue Design Worldwide Colombia | Dise\u00f1o Web en Medell\u00edn | Agencias Digitales en Medell\u00edn | P\u00e1ginas Web en Colombia | Estrategias Digitales | Agencia de Marketing Digital en Medell\u00edn | Publicidad Y Marketing Online | Posicionamiento SEO | Posicionamiento en Google | Central de Medios en Colombia | Producci\u00f3n Audiovisual para TV | Agencia De Publicidad en Colombia | Creaci\u00f3n de P\u00e1ginas Web | Dise\u00f1o de P\u00e1ginas Web | Desarrollo Web en Medell\u00edn | Posicionamiento de P\u00e1ginas Web"},"image":{"@id":"https:\/\/bluecolombia.co\/blue\/#\/schema\/logo\/image\/"},"sameAs":["https:\/\/www.facebook.com\/AgenciaBlueDesignWorldwideColombia\/","https:\/\/x.com\/bluedegcolombia","https:\/\/www.instagram.com\/bluedesignworldwide\/","https:\/\/www.linkedin.com\/company\/agencia-blue-design-worldwide-colombia\/","https:\/\/g.page\/bluedesigncolombia?share","https:\/\/es.pinterest.com\/bluedesigncol\/","https:\/\/www.youtube.com\/user\/bluedesigncolombia","https:\/\/es.wikipedia.org\/wiki\/Archivo:Logo-new.jpg"]}]}},"_links":{"self":[{"href":"https:\/\/bluecolombia.co\/blue\/wp-json\/wp\/v2\/pages\/725","targetHints":{"allow":["GET"]}}],"collection":[{"href":"https:\/\/bluecolombia.co\/blue\/wp-json\/wp\/v2\/pages"}],"about":[{"href":"https:\/\/bluecolombia.co\/blue\/wp-json\/wp\/v2\/types\/page"}],"author":[{"embeddable":true,"href":"https:\/\/bluecolombia.co\/blue\/wp-json\/wp\/v2\/users\/1"}],"replies":[{"embeddable":true,"href":"https:\/\/bluecolombia.co\/blue\/wp-json\/wp\/v2\/comments?post=725"}],"version-history":[{"count":11,"href":"https:\/\/bluecolombia.co\/blue\/wp-json\/wp\/v2\/pages\/725\/revisions"}],"predecessor-version":[{"id":1648,"href":"https:\/\/bluecolombia.co\/blue\/wp-json\/wp\/v2\/pages\/725\/revisions\/1648"}],"wp:featuredmedia":[{"embeddable":true,"href":"https:\/\/bluecolombia.co\/blue\/wp-json\/wp\/v2\/media\/836"}],"wp:attachment":[{"href":"https:\/\/bluecolombia.co\/blue\/wp-json\/wp\/v2\/media?parent=725"}],"curies":[{"name":"wp","href":"https:\/\/api.w.org\/{rel}","templated":true}]}}