{"id":733,"date":"2015-02-09T22:56:06","date_gmt":"2015-02-10T03:56:06","guid":{"rendered":"http:\/\/bluecolombia.co\/blue\/?page_id=733"},"modified":"2018-08-12T15:02:30","modified_gmt":"2018-08-12T20:02:30","slug":"nuestro-proposito","status":"publish","type":"page","link":"https:\/\/bluecolombia.co\/blue\/nuestro-proposito\/","title":{"rendered":"Nuestro prop\u00f3sito"},"content":{"rendered":"<h4 style=\"text-align: center;\"><em><span style=\"font-weight: 400;\">&#8220;Cada pieza que sale de la agencia debe transmitir la energ\u00eda, la emoci\u00f3n, pasi\u00f3n, entusiasmo y el carisma con la que fue hecha.\u00a0Esta energ\u00eda se transforma en el amor que propicia momentos m\u00e1gicos y que hacen que sucedan grandes cosas.&#8221;<\/span><\/em><\/h4>\n<p style=\"text-align: center;\">El amor es la fuerza universal, motor de todo lo existente, capaz de trascender lugares, idiomas y hasta el mismo tiempo. Todo lo que se hace con amor est\u00e1 destinado al \u00e9xito.<\/p>\n<p style=\"text-align: center;\"><a class=\"btn btn-lg btn-default\" href=\"http:\/\/bluecolombia.co\/blue\/portafolio\/\" title=\"Ver portafolio\" target=\"\">Mira nuestro portafolio<\/a>\n","protected":false},"excerpt":{"rendered":"<p>&#8220;Cada pieza que sale de la agencia debe transmitir la energ\u00eda, la emoci\u00f3n, pasi\u00f3n, entusiasmo y el carisma con la que fue hecha.\u00a0Esta energ\u00eda se transforma en el amor que &#8230;<\/p>\n","protected":false},"author":1,"featured_media":823,"parent":0,"menu_order":0,"comment_status":"closed","ping_status":"open","template":"","meta":{"footnotes":""},"class_list":["post-733","page","type-page","status-publish","has-post-thumbnail","hentry"],"yoast_head":"<!-- This site is optimized with the Yoast SEO plugin v25.0 - https:\/\/yoast.com\/wordpress\/plugins\/seo\/ -->\n<title>Nuestro prop\u00f3sito - Agencia de Marketing y Publicidad Blue Design Worldwide Colombia | Agencia de Dise\u00f1o Web y Medios Digitales en Colombia | Agencia de Marketing Digital en Medell\u00edn | Dise\u00f1o y Creaci\u00f3n de P\u00e1ginas Web en Medell\u00edn | Dise\u00f1o Web en Medell\u00edn<\/title>\n<meta name=\"description\" content=\"Nuestro Prop\u00f3sito | Agencia de Marketing y Publicidad Blue Design Worldwide Colombia | Agencia de Dise\u00f1o Web y Medios Digitales en Colombia | Agencia de Marketing Digital en Medell\u00edn | Dise\u00f1o y Creaci\u00f3n de P\u00e1ginas Web en Medell\u00edn | Dise\u00f1o Web en Medell\u00edn | Agencias Digitales en Medell\u00edn | P\u00e1ginas Web en Colombia | Estrategias Digitales | Agencia de Marketing Digital en Medell\u00edn | Publicidad Y Marketing Online | Posicionamiento SEO\" \/>\n<meta name=\"robots\" content=\"index, follow, max-snippet:-1, max-image-preview:large, max-video-preview:-1\" \/>\n<link rel=\"canonical\" href=\"https:\/\/bluecolombia.co\/blue\/nuestro-proposito\/\" \/>\n<meta property=\"og:locale\" content=\"es_ES\" \/>\n<meta property=\"og:type\" content=\"article\" \/>\n<meta property=\"og:title\" content=\"Nuestro Prop\u00f3sito | Agencia de Marketing y Publicidad Blue Design Worldwide Colombia\" \/>\n<meta property=\"og:description\" content=\"Nuestro Prop\u00f3sito | Agencia de Marketing y Publicidad Blue Design Worldwide Colombia\" \/>\n<meta property=\"og:url\" content=\"https:\/\/bluecolombia.co\/blue\/nuestro-proposito\/\" \/>\n<meta property=\"og:site_name\" content=\"Agencia de Marketing y Publicidad Blue Design Worldwide Colombia\" \/>\n<meta property=\"article:publisher\" content=\"https:\/\/www.facebook.com\/AgenciaBlueDesignWorldwideColombia\/\" \/>\n<meta property=\"article:modified_time\" content=\"2018-08-12T20:02:30+00:00\" \/>\n<meta property=\"og:image\" content=\"https:\/\/bluecolombia.co\/blue\/inclusiones\/uploads\/2015\/02\/shutterstock_160118645.jpg\" \/>\n\t<meta property=\"og:image:width\" content=\"2048\" \/>\n\t<meta property=\"og:image:height\" content=\"1363\" \/>\n\t<meta property=\"og:image:type\" content=\"image\/jpeg\" \/>\n<meta name=\"twitter:card\" content=\"summary_large_image\" \/>\n<meta name=\"twitter:title\" content=\"Nuestro Prop\u00f3sito | Agencia de Marketing y Publicidad Blue Design Worldwide Colombia\" \/>\n<meta name=\"twitter:description\" content=\"Nuestro Prop\u00f3sito | Agencia de Marketing y Publicidad Blue Design Worldwide Colombia\" \/>\n<meta name=\"twitter:image\" content=\"http:\/\/bluecolombia.co\/blue\/inclusiones\/uploads\/2015\/02\/shutterstock_160118645.jpg\" \/>\n<meta name=\"twitter:site\" content=\"@bluedegcolombia\" \/>\n<script type=\"application\/ld+json\" class=\"yoast-schema-graph\">{\"@context\":\"https:\/\/schema.org\",\"@graph\":[{\"@type\":\"WebPage\",\"@id\":\"https:\/\/bluecolombia.co\/blue\/nuestro-proposito\/\",\"url\":\"https:\/\/bluecolombia.co\/blue\/nuestro-proposito\/\",\"name\":\"Nuestro prop\u00f3sito - Agencia de Marketing y Publicidad Blue Design Worldwide Colombia | Agencia de Dise\u00f1o Web y Medios Digitales en Colombia | Agencia de Marketing Digital en Medell\u00edn | Dise\u00f1o y Creaci\u00f3n de P\u00e1ginas Web en Medell\u00edn | Dise\u00f1o Web en Medell\u00edn\",\"isPartOf\":{\"@id\":\"https:\/\/bluecolombia.co\/blue\/#website\"},\"primaryImageOfPage\":{\"@id\":\"https:\/\/bluecolombia.co\/blue\/nuestro-proposito\/#primaryimage\"},\"image\":{\"@id\":\"https:\/\/bluecolombia.co\/blue\/nuestro-proposito\/#primaryimage\"},\"thumbnailUrl\":\"https:\/\/bluecolombia.co\/blue\/inclusiones\/uploads\/2015\/02\/shutterstock_160118645.jpg\",\"datePublished\":\"2015-02-10T03:56:06+00:00\",\"dateModified\":\"2018-08-12T20:02:30+00:00\",\"description\":\"Nuestro Prop\u00f3sito | Agencia de Marketing y Publicidad Blue Design Worldwide Colombia | Agencia de Dise\u00f1o Web y Medios Digitales en Colombia | Agencia de Marketing Digital en Medell\u00edn | Dise\u00f1o y Creaci\u00f3n de P\u00e1ginas Web en Medell\u00edn | Dise\u00f1o Web en Medell\u00edn | Agencias Digitales en Medell\u00edn | P\u00e1ginas Web en Colombia | Estrategias Digitales | Agencia de Marketing Digital en Medell\u00edn | Publicidad Y Marketing Online | Posicionamiento SEO\",\"breadcrumb\":{\"@id\":\"https:\/\/bluecolombia.co\/blue\/nuestro-proposito\/#breadcrumb\"},\"inLanguage\":\"es\",\"potentialAction\":[{\"@type\":\"ReadAction\",\"target\":[\"https:\/\/bluecolombia.co\/blue\/nuestro-proposito\/\"]}]},{\"@type\":\"ImageObject\",\"inLanguage\":\"es\",\"@id\":\"https:\/\/bluecolombia.co\/blue\/nuestro-proposito\/#primaryimage\",\"url\":\"https:\/\/bluecolombia.co\/blue\/inclusiones\/uploads\/2015\/02\/shutterstock_160118645.jpg\",\"contentUrl\":\"https:\/\/bluecolombia.co\/blue\/inclusiones\/uploads\/2015\/02\/shutterstock_160118645.jpg\",\"width\":2048,\"height\":1363},{\"@type\":\"BreadcrumbList\",\"@id\":\"https:\/\/bluecolombia.co\/blue\/nuestro-proposito\/#breadcrumb\",\"itemListElement\":[{\"@type\":\"ListItem\",\"position\":1,\"name\":\"Inicio\",\"item\":\"https:\/\/bluecolombia.co\/blue\/\"},{\"@type\":\"ListItem\",\"position\":2,\"name\":\"Nuestro prop\u00f3sito empresarial\"}]},{\"@type\":\"WebSite\",\"@id\":\"https:\/\/bluecolombia.co\/blue\/#website\",\"url\":\"https:\/\/bluecolombia.co\/blue\/\",\"name\":\"Agencia de Marketing y Publicidad Blue Design Worldwide Colombia\",\"description\":\"Agencia de Marketing Digital, Dise\u00f1o Web en Medell\u00edn, Estrategias Digitales, Posicionamiento SEO, Marketing, Publicidad, Redes Sociales, Central de Medios y Producci\u00f3n Audiovisual en Colombia.\",\"publisher\":{\"@id\":\"https:\/\/bluecolombia.co\/blue\/#organization\"},\"potentialAction\":[{\"@type\":\"SearchAction\",\"target\":{\"@type\":\"EntryPoint\",\"urlTemplate\":\"https:\/\/bluecolombia.co\/blue\/?s={search_term_string}\"},\"query-input\":{\"@type\":\"PropertyValueSpecification\",\"valueRequired\":true,\"valueName\":\"search_term_string\"}}],\"inLanguage\":\"es\"},{\"@type\":\"Organization\",\"@id\":\"https:\/\/bluecolombia.co\/blue\/#organization\",\"name\":\"Agencia de Marketing y Publicidad Blue Design Worldwide Colombia | Dise\u00f1o Web en Medell\u00edn | Agencias Digitales en Medell\u00edn | P\u00e1ginas Web en Colombia | Estrategias Digitales | Agencia de Marketing Digital en Medell\u00edn | Publicidad Y Marketing Online | Posicionamiento SEO | Posicionamiento en Google | Central de Medios en Colombia | Producci\u00f3n Audiovisual para TV | Agencia De Publicidad en Colombia | Creaci\u00f3n de P\u00e1ginas Web | Dise\u00f1o de P\u00e1ginas Web | Desarrollo Web en Medell\u00edn | Posicionamiento de P\u00e1ginas Web\",\"url\":\"https:\/\/bluecolombia.co\/blue\/\",\"logo\":{\"@type\":\"ImageObject\",\"inLanguage\":\"es\",\"@id\":\"https:\/\/bluecolombia.co\/blue\/#\/schema\/logo\/image\/\",\"url\":\"https:\/\/bluecolombia.co\/blue\/inclusiones\/uploads\/2018\/08\/logo-blue-schema.jpeg\",\"contentUrl\":\"https:\/\/bluecolombia.co\/blue\/inclusiones\/uploads\/2018\/08\/logo-blue-schema.jpeg\",\"width\":608,\"height\":606,\"caption\":\"Agencia de Marketing y Publicidad Blue Design Worldwide Colombia | Dise\u00f1o Web en Medell\u00edn | Agencias Digitales en Medell\u00edn | P\u00e1ginas Web en Colombia | Estrategias Digitales | Agencia de Marketing Digital en Medell\u00edn | Publicidad Y Marketing Online | Posicionamiento SEO | Posicionamiento en Google | Central de Medios en Colombia | Producci\u00f3n Audiovisual para TV | Agencia De Publicidad en Colombia | Creaci\u00f3n de P\u00e1ginas Web | Dise\u00f1o de P\u00e1ginas Web | Desarrollo Web en Medell\u00edn | Posicionamiento de P\u00e1ginas Web\"},\"image\":{\"@id\":\"https:\/\/bluecolombia.co\/blue\/#\/schema\/logo\/image\/\"},\"sameAs\":[\"https:\/\/www.facebook.com\/AgenciaBlueDesignWorldwideColombia\/\",\"https:\/\/x.com\/bluedegcolombia\",\"https:\/\/www.instagram.com\/bluedesignworldwide\/\",\"https:\/\/www.linkedin.com\/company\/agencia-blue-design-worldwide-colombia\/\",\"https:\/\/g.page\/bluedesigncolombia?share\",\"https:\/\/es.pinterest.com\/bluedesigncol\/\",\"https:\/\/www.youtube.com\/user\/bluedesigncolombia\",\"https:\/\/es.wikipedia.org\/wiki\/Archivo:Logo-new.jpg\"]}]}<\/script>\n<!-- \/ Yoast SEO plugin. -->","yoast_head_json":{"title":"Nuestro prop\u00f3sito - Agencia de Marketing y Publicidad Blue Design Worldwide Colombia | Agencia de Dise\u00f1o Web y Medios Digitales en Colombia | Agencia de Marketing Digital en Medell\u00edn | Dise\u00f1o y Creaci\u00f3n de P\u00e1ginas Web en Medell\u00edn | Dise\u00f1o Web en Medell\u00edn","description":"Nuestro Prop\u00f3sito | Agencia de Marketing y Publicidad Blue Design Worldwide Colombia | Agencia de Dise\u00f1o Web y Medios Digitales en Colombia | Agencia de Marketing Digital en Medell\u00edn | Dise\u00f1o y Creaci\u00f3n de P\u00e1ginas Web en Medell\u00edn | Dise\u00f1o Web en Medell\u00edn | Agencias Digitales en Medell\u00edn | P\u00e1ginas Web en Colombia | Estrategias Digitales | Agencia de Marketing Digital en Medell\u00edn | Publicidad Y Marketing Online | Posicionamiento SEO","robots":{"index":"index","follow":"follow","max-snippet":"max-snippet:-1","max-image-preview":"max-image-preview:large","max-video-preview":"max-video-preview:-1"},"canonical":"https:\/\/bluecolombia.co\/blue\/nuestro-proposito\/","og_locale":"es_ES","og_type":"article","og_title":"Nuestro Prop\u00f3sito | Agencia de Marketing y Publicidad Blue Design Worldwide Colombia","og_description":"Nuestro Prop\u00f3sito | Agencia de Marketing y Publicidad Blue Design Worldwide Colombia","og_url":"https:\/\/bluecolombia.co\/blue\/nuestro-proposito\/","og_site_name":"Agencia de Marketing y Publicidad Blue Design Worldwide Colombia","article_publisher":"https:\/\/www.facebook.com\/AgenciaBlueDesignWorldwideColombia\/","article_modified_time":"2018-08-12T20:02:30+00:00","og_image":[{"width":2048,"height":1363,"url":"https:\/\/bluecolombia.co\/blue\/inclusiones\/uploads\/2015\/02\/shutterstock_160118645.jpg","type":"image\/jpeg"}],"twitter_card":"summary_large_image","twitter_title":"Nuestro Prop\u00f3sito | Agencia de Marketing y Publicidad Blue Design Worldwide Colombia","twitter_description":"Nuestro Prop\u00f3sito | Agencia de Marketing y Publicidad Blue Design Worldwide Colombia","twitter_image":"http:\/\/bluecolombia.co\/blue\/inclusiones\/uploads\/2015\/02\/shutterstock_160118645.jpg","twitter_site":"@bluedegcolombia","schema":{"@context":"https:\/\/schema.org","@graph":[{"@type":"WebPage","@id":"https:\/\/bluecolombia.co\/blue\/nuestro-proposito\/","url":"https:\/\/bluecolombia.co\/blue\/nuestro-proposito\/","name":"Nuestro prop\u00f3sito - Agencia de Marketing y Publicidad Blue Design Worldwide Colombia | Agencia de Dise\u00f1o Web y Medios Digitales en Colombia | Agencia de Marketing Digital en Medell\u00edn | Dise\u00f1o y Creaci\u00f3n de P\u00e1ginas Web en Medell\u00edn | Dise\u00f1o Web en Medell\u00edn","isPartOf":{"@id":"https:\/\/bluecolombia.co\/blue\/#website"},"primaryImageOfPage":{"@id":"https:\/\/bluecolombia.co\/blue\/nuestro-proposito\/#primaryimage"},"image":{"@id":"https:\/\/bluecolombia.co\/blue\/nuestro-proposito\/#primaryimage"},"thumbnailUrl":"https:\/\/bluecolombia.co\/blue\/inclusiones\/uploads\/2015\/02\/shutterstock_160118645.jpg","datePublished":"2015-02-10T03:56:06+00:00","dateModified":"2018-08-12T20:02:30+00:00","description":"Nuestro Prop\u00f3sito | Agencia de Marketing y Publicidad Blue Design Worldwide Colombia | Agencia de Dise\u00f1o Web y Medios Digitales en Colombia | Agencia de Marketing Digital en Medell\u00edn | Dise\u00f1o y Creaci\u00f3n de P\u00e1ginas Web en Medell\u00edn | Dise\u00f1o Web en Medell\u00edn | Agencias Digitales en Medell\u00edn | P\u00e1ginas Web en Colombia | Estrategias Digitales | Agencia de Marketing Digital en Medell\u00edn | Publicidad Y Marketing Online | Posicionamiento SEO","breadcrumb":{"@id":"https:\/\/bluecolombia.co\/blue\/nuestro-proposito\/#breadcrumb"},"inLanguage":"es","potentialAction":[{"@type":"ReadAction","target":["https:\/\/bluecolombia.co\/blue\/nuestro-proposito\/"]}]},{"@type":"ImageObject","inLanguage":"es","@id":"https:\/\/bluecolombia.co\/blue\/nuestro-proposito\/#primaryimage","url":"https:\/\/bluecolombia.co\/blue\/inclusiones\/uploads\/2015\/02\/shutterstock_160118645.jpg","contentUrl":"https:\/\/bluecolombia.co\/blue\/inclusiones\/uploads\/2015\/02\/shutterstock_160118645.jpg","width":2048,"height":1363},{"@type":"BreadcrumbList","@id":"https:\/\/bluecolombia.co\/blue\/nuestro-proposito\/#breadcrumb","itemListElement":[{"@type":"ListItem","position":1,"name":"Inicio","item":"https:\/\/bluecolombia.co\/blue\/"},{"@type":"ListItem","position":2,"name":"Nuestro prop\u00f3sito empresarial"}]},{"@type":"WebSite","@id":"https:\/\/bluecolombia.co\/blue\/#website","url":"https:\/\/bluecolombia.co\/blue\/","name":"Agencia de Marketing y Publicidad Blue Design Worldwide Colombia","description":"Agencia de Marketing Digital, Dise\u00f1o Web en Medell\u00edn, Estrategias Digitales, Posicionamiento SEO, Marketing, Publicidad, Redes Sociales, Central de Medios y Producci\u00f3n Audiovisual en Colombia.","publisher":{"@id":"https:\/\/bluecolombia.co\/blue\/#organization"},"potentialAction":[{"@type":"SearchAction","target":{"@type":"EntryPoint","urlTemplate":"https:\/\/bluecolombia.co\/blue\/?s={search_term_string}"},"query-input":{"@type":"PropertyValueSpecification","valueRequired":true,"valueName":"search_term_string"}}],"inLanguage":"es"},{"@type":"Organization","@id":"https:\/\/bluecolombia.co\/blue\/#organization","name":"Agencia de Marketing y Publicidad Blue Design Worldwide Colombia | Dise\u00f1o Web en Medell\u00edn | Agencias Digitales en Medell\u00edn | P\u00e1ginas Web en Colombia | Estrategias Digitales | Agencia de Marketing Digital en Medell\u00edn | Publicidad Y Marketing Online | Posicionamiento SEO | Posicionamiento en Google | Central de Medios en Colombia | Producci\u00f3n Audiovisual para TV | Agencia De Publicidad en Colombia | Creaci\u00f3n de P\u00e1ginas Web | Dise\u00f1o de P\u00e1ginas Web | Desarrollo Web en Medell\u00edn | Posicionamiento de P\u00e1ginas Web","url":"https:\/\/bluecolombia.co\/blue\/","logo":{"@type":"ImageObject","inLanguage":"es","@id":"https:\/\/bluecolombia.co\/blue\/#\/schema\/logo\/image\/","url":"https:\/\/bluecolombia.co\/blue\/inclusiones\/uploads\/2018\/08\/logo-blue-schema.jpeg","contentUrl":"https:\/\/bluecolombia.co\/blue\/inclusiones\/uploads\/2018\/08\/logo-blue-schema.jpeg","width":608,"height":606,"caption":"Agencia de Marketing y Publicidad Blue Design Worldwide Colombia | Dise\u00f1o Web en Medell\u00edn | Agencias Digitales en Medell\u00edn | P\u00e1ginas Web en Colombia | Estrategias Digitales | Agencia de Marketing Digital en Medell\u00edn | Publicidad Y Marketing Online | Posicionamiento SEO | Posicionamiento en Google | Central de Medios en Colombia | Producci\u00f3n Audiovisual para TV | Agencia De Publicidad en Colombia | Creaci\u00f3n de P\u00e1ginas Web | Dise\u00f1o de P\u00e1ginas Web | Desarrollo Web en Medell\u00edn | Posicionamiento de P\u00e1ginas Web"},"image":{"@id":"https:\/\/bluecolombia.co\/blue\/#\/schema\/logo\/image\/"},"sameAs":["https:\/\/www.facebook.com\/AgenciaBlueDesignWorldwideColombia\/","https:\/\/x.com\/bluedegcolombia","https:\/\/www.instagram.com\/bluedesignworldwide\/","https:\/\/www.linkedin.com\/company\/agencia-blue-design-worldwide-colombia\/","https:\/\/g.page\/bluedesigncolombia?share","https:\/\/es.pinterest.com\/bluedesigncol\/","https:\/\/www.youtube.com\/user\/bluedesigncolombia","https:\/\/es.wikipedia.org\/wiki\/Archivo:Logo-new.jpg"]}]}},"_links":{"self":[{"href":"https:\/\/bluecolombia.co\/blue\/wp-json\/wp\/v2\/pages\/733","targetHints":{"allow":["GET"]}}],"collection":[{"href":"https:\/\/bluecolombia.co\/blue\/wp-json\/wp\/v2\/pages"}],"about":[{"href":"https:\/\/bluecolombia.co\/blue\/wp-json\/wp\/v2\/types\/page"}],"author":[{"embeddable":true,"href":"https:\/\/bluecolombia.co\/blue\/wp-json\/wp\/v2\/users\/1"}],"replies":[{"embeddable":true,"href":"https:\/\/bluecolombia.co\/blue\/wp-json\/wp\/v2\/comments?post=733"}],"version-history":[{"count":29,"href":"https:\/\/bluecolombia.co\/blue\/wp-json\/wp\/v2\/pages\/733\/revisions"}],"predecessor-version":[{"id":1432,"href":"https:\/\/bluecolombia.co\/blue\/wp-json\/wp\/v2\/pages\/733\/revisions\/1432"}],"wp:featuredmedia":[{"embeddable":true,"href":"https:\/\/bluecolombia.co\/blue\/wp-json\/wp\/v2\/media\/823"}],"wp:attachment":[{"href":"https:\/\/bluecolombia.co\/blue\/wp-json\/wp\/v2\/media?parent=733"}],"curies":[{"name":"wp","href":"https:\/\/api.w.org\/{rel}","templated":true}]}}